{"id":103325,"date":"2025-10-17T18:49:27","date_gmt":"2025-10-17T21:49:27","guid":{"rendered":"https:\/\/anacleta.com.ar\/?post_type=product&#038;p=103325"},"modified":"2026-03-31T20:08:33","modified_gmt":"2026-03-31T23:08:33","slug":"camisa-pixel","status":"publish","type":"product","link":"https:\/\/anacleta.com.ar\/es_es\/producto\/camisa-pixel\/","title":{"rendered":"Camisa Pixel"},"content":{"rendered":"","protected":false},"excerpt":{"rendered":"<p>Camisa Pixel confeccionada en seda estampada, combinada con seda lisa en cuello y pu\u00f1os. Presenta cartera oculta con botones de pasta crudos y botones exclusivos esmaltados JCH en pie de cuello y pu\u00f1os. De calce suelto, con largo por debajo de la cadera y ligeramente m\u00e1s corta en el delantero.<\/p>\n<p>Composici\u00f3n: 100% seda<\/p>\n<p>Referencia modelo Sofia :Altura 1,72 Talle: 1<\/p>\n","protected":false},"featured_media":103327,"template":"","meta":[],"product_brand":[480],"product_cat":[492,184,491,461],"product_tag":[112],"class_list":{"0":"post-103325","1":"product","2":"type-product","3":"status-publish","4":"has-post-thumbnail","6":"product_brand-jazmin-chebar","7":"product_cat-2x1","8":"product_cat-camisas","9":"product_cat-flash-market","10":"product_cat-todo-para-chebar","11":"product_tag-jazmin-chebar","13":"first","14":"instock","15":"sale","16":"shipping-taxable","17":"purchasable","18":"product-type-variable"},"_links":{"self":[{"href":"https:\/\/anacleta.com.ar\/es_es\/wp-json\/wp\/v2\/product\/103325","targetHints":{"allow":["GET"]}}],"collection":[{"href":"https:\/\/anacleta.com.ar\/es_es\/wp-json\/wp\/v2\/product"}],"about":[{"href":"https:\/\/anacleta.com.ar\/es_es\/wp-json\/wp\/v2\/types\/product"}],"wp:featuredmedia":[{"embeddable":true,"href":"https:\/\/anacleta.com.ar\/es_es\/wp-json\/wp\/v2\/media\/103327"}],"wp:attachment":[{"href":"https:\/\/anacleta.com.ar\/es_es\/wp-json\/wp\/v2\/media?parent=103325"}],"wp:term":[{"taxonomy":"product_brand","embeddable":true,"href":"https:\/\/anacleta.com.ar\/es_es\/wp-json\/wp\/v2\/product_brand?post=103325"},{"taxonomy":"product_cat","embeddable":true,"href":"https:\/\/anacleta.com.ar\/es_es\/wp-json\/wp\/v2\/product_cat?post=103325"},{"taxonomy":"product_tag","embeddable":true,"href":"https:\/\/anacleta.com.ar\/es_es\/wp-json\/wp\/v2\/product_tag?post=103325"}],"curies":[{"name":"wp","href":"https:\/\/api.w.org\/{rel}","templated":true}]}}