{"id":103420,"date":"2025-10-17T19:56:23","date_gmt":"2025-10-17T22:56:23","guid":{"rendered":"https:\/\/anacleta.com.ar\/?post_type=product&#038;p=103420"},"modified":"2025-12-03T19:57:15","modified_gmt":"2025-12-03T22:57:15","slug":"tarjetero-hearts","status":"publish","type":"product","link":"https:\/\/anacleta.com.ar\/es_es\/producto\/tarjetero-hearts\/","title":{"rendered":"Tarjetero Hearts"},"content":{"rendered":"","protected":false},"excerpt":{"rendered":"<p>Tarjetero Hearts confeccionado en cuero vacuno liso con estampa Hearts. Cuenta con bolsillo con cierre met\u00e1lico, espacio para tarjetas y detalle de aplique met\u00e1lico JCH en el frente.<\/p>\n<p>Composici\u00f3n: Cuerpo: 100% cuero vacuno flor. Forrer\u00eda: 100% poli\u00e9ster<\/p>\n<p>Medidas: alto 7 cm x ancho 17 cm<\/p>\n","protected":false},"featured_media":103421,"template":"","meta":[],"product_brand":[480],"product_cat":[128],"product_tag":[112],"class_list":{"0":"post-103420","1":"product","2":"type-product","3":"status-publish","4":"has-post-thumbnail","6":"product_brand-jazmin-chebar","7":"product_cat-accesorios","8":"product_tag-jazmin-chebar","10":"first","11":"instock","12":"shipping-taxable","13":"purchasable","14":"product-type-simple"},"_links":{"self":[{"href":"https:\/\/anacleta.com.ar\/es_es\/wp-json\/wp\/v2\/product\/103420","targetHints":{"allow":["GET"]}}],"collection":[{"href":"https:\/\/anacleta.com.ar\/es_es\/wp-json\/wp\/v2\/product"}],"about":[{"href":"https:\/\/anacleta.com.ar\/es_es\/wp-json\/wp\/v2\/types\/product"}],"wp:featuredmedia":[{"embeddable":true,"href":"https:\/\/anacleta.com.ar\/es_es\/wp-json\/wp\/v2\/media\/103421"}],"wp:attachment":[{"href":"https:\/\/anacleta.com.ar\/es_es\/wp-json\/wp\/v2\/media?parent=103420"}],"wp:term":[{"taxonomy":"product_brand","embeddable":true,"href":"https:\/\/anacleta.com.ar\/es_es\/wp-json\/wp\/v2\/product_brand?post=103420"},{"taxonomy":"product_cat","embeddable":true,"href":"https:\/\/anacleta.com.ar\/es_es\/wp-json\/wp\/v2\/product_cat?post=103420"},{"taxonomy":"product_tag","embeddable":true,"href":"https:\/\/anacleta.com.ar\/es_es\/wp-json\/wp\/v2\/product_tag?post=103420"}],"curies":[{"name":"wp","href":"https:\/\/api.w.org\/{rel}","templated":true}]}}