{"id":103549,"date":"2025-10-18T12:38:05","date_gmt":"2025-10-18T15:38:05","guid":{"rendered":"https:\/\/anacleta.com.ar\/?post_type=product&#038;p=103549"},"modified":"2025-12-03T18:44:45","modified_gmt":"2025-12-03T21:44:45","slug":"camisa-amazonas","status":"publish","type":"product","link":"https:\/\/anacleta.com.ar\/es_es\/producto\/camisa-amazonas\/","title":{"rendered":"Camisa Amazonas"},"content":{"rendered":"","protected":false},"excerpt":{"rendered":"<p>La Camisa Amazonas est\u00e1 confeccionado en seda-modal con spandex con el print de la temporada, dise\u00f1ado exclusivamente por Ginebra. Fit recto, largo a la primera cadera y cartera oculta con botones color natural personalizados con logo Ginebra. Es un prenda muy vers\u00e1til que podes usar tanto de d\u00eda como de noche, podes combinarla con denim para lograr un look m\u00e1s descontracturado<\/p>\n","protected":false},"featured_media":103552,"template":"","meta":[],"product_brand":[481],"product_cat":[184],"product_tag":[111],"class_list":{"0":"post-103549","1":"product","2":"type-product","3":"status-publish","4":"has-post-thumbnail","6":"product_brand-ginebra","7":"product_cat-camisas","8":"product_tag-ginebra","10":"first","11":"instock","12":"shipping-taxable","13":"purchasable","14":"product-type-variable"},"_links":{"self":[{"href":"https:\/\/anacleta.com.ar\/es_es\/wp-json\/wp\/v2\/product\/103549","targetHints":{"allow":["GET"]}}],"collection":[{"href":"https:\/\/anacleta.com.ar\/es_es\/wp-json\/wp\/v2\/product"}],"about":[{"href":"https:\/\/anacleta.com.ar\/es_es\/wp-json\/wp\/v2\/types\/product"}],"wp:featuredmedia":[{"embeddable":true,"href":"https:\/\/anacleta.com.ar\/es_es\/wp-json\/wp\/v2\/media\/103552"}],"wp:attachment":[{"href":"https:\/\/anacleta.com.ar\/es_es\/wp-json\/wp\/v2\/media?parent=103549"}],"wp:term":[{"taxonomy":"product_brand","embeddable":true,"href":"https:\/\/anacleta.com.ar\/es_es\/wp-json\/wp\/v2\/product_brand?post=103549"},{"taxonomy":"product_cat","embeddable":true,"href":"https:\/\/anacleta.com.ar\/es_es\/wp-json\/wp\/v2\/product_cat?post=103549"},{"taxonomy":"product_tag","embeddable":true,"href":"https:\/\/anacleta.com.ar\/es_es\/wp-json\/wp\/v2\/product_tag?post=103549"}],"curies":[{"name":"wp","href":"https:\/\/api.w.org\/{rel}","templated":true}]}}