{"id":103563,"date":"2025-10-18T12:45:21","date_gmt":"2025-10-18T15:45:21","guid":{"rendered":"https:\/\/anacleta.com.ar\/?post_type=product&#038;p=103563"},"modified":"2026-02-14T10:34:00","modified_gmt":"2026-02-14T13:34:00","slug":"short-amazonas","status":"publish","type":"product","link":"https:\/\/anacleta.com.ar\/es_es\/producto\/short-amazonas\/","title":{"rendered":"Short Amazonas"},"content":{"rendered":"","protected":false},"excerpt":{"rendered":"<p>El Short Amazonas est\u00e1 confeccionado en seda-modal con spandex con el print de la temporada, dise\u00f1ado exclusivamente por Ginebra. Tiro medio, fit amplio y tipolog\u00eda sporty. Detalle de el\u00e1stico en cintura y lazo para ajustar para mayor ajuste, adem\u00e1s de bolsillos en el delantero para mayor comodidad. Usalo tanto para salidas nocturnas como para looks diurnos: combinado con una t-shirt o camisa blanca para un look informal o con la camisa Amazonas para un look 100% monocromo, print y colorido.<br \/>\n<em>Referencia modelo: Altura 1,80 Talle 2<\/em><\/p>\n","protected":false},"featured_media":103566,"template":"","meta":[],"product_brand":[481],"product_cat":[492,491,274],"product_tag":[111],"class_list":{"0":"post-103563","1":"product","2":"type-product","3":"status-publish","4":"has-post-thumbnail","6":"product_brand-ginebra","7":"product_cat-2x1","8":"product_cat-flash-market","9":"product_cat-shorts","10":"product_tag-ginebra","12":"first","13":"instock","14":"shipping-taxable","15":"purchasable","16":"product-type-variable"},"_links":{"self":[{"href":"https:\/\/anacleta.com.ar\/es_es\/wp-json\/wp\/v2\/product\/103563","targetHints":{"allow":["GET"]}}],"collection":[{"href":"https:\/\/anacleta.com.ar\/es_es\/wp-json\/wp\/v2\/product"}],"about":[{"href":"https:\/\/anacleta.com.ar\/es_es\/wp-json\/wp\/v2\/types\/product"}],"wp:featuredmedia":[{"embeddable":true,"href":"https:\/\/anacleta.com.ar\/es_es\/wp-json\/wp\/v2\/media\/103566"}],"wp:attachment":[{"href":"https:\/\/anacleta.com.ar\/es_es\/wp-json\/wp\/v2\/media?parent=103563"}],"wp:term":[{"taxonomy":"product_brand","embeddable":true,"href":"https:\/\/anacleta.com.ar\/es_es\/wp-json\/wp\/v2\/product_brand?post=103563"},{"taxonomy":"product_cat","embeddable":true,"href":"https:\/\/anacleta.com.ar\/es_es\/wp-json\/wp\/v2\/product_cat?post=103563"},{"taxonomy":"product_tag","embeddable":true,"href":"https:\/\/anacleta.com.ar\/es_es\/wp-json\/wp\/v2\/product_tag?post=103563"}],"curies":[{"name":"wp","href":"https:\/\/api.w.org\/{rel}","templated":true}]}}