{"id":103597,"date":"2025-10-18T13:01:17","date_gmt":"2025-10-18T16:01:17","guid":{"rendered":"https:\/\/anacleta.com.ar\/?post_type=product&#038;p=103597"},"modified":"2026-03-09T17:51:52","modified_gmt":"2026-03-09T20:51:52","slug":"buzo-biarritz-2","status":"publish","type":"product","link":"https:\/\/anacleta.com.ar\/es_es\/producto\/buzo-biarritz-2\/","title":{"rendered":"Buzo Biarritz"},"content":{"rendered":"","protected":false},"excerpt":{"rendered":"<p>El Buzo Biarritz, de r\u00fastico de algod\u00f3n peruano, es de calce boxy, con capucha y manga larga con pu\u00f1os. Cuenta con jareta regulable con cord\u00f3n de algod\u00f3n interno con terminales personalizadas en ruedo y acceso frontal con cierre met\u00e1lico. Presenta detalle de bordado a tono en frente y espalda como distintivo. Un b\u00e1sico diferenciado con un calce novedoso y sentador.<\/p>\n","protected":false},"featured_media":103600,"template":"","meta":[],"product_brand":[481],"product_cat":[492,150,491],"product_tag":[111],"class_list":{"0":"post-103597","1":"product","2":"type-product","3":"status-publish","4":"has-post-thumbnail","6":"product_brand-ginebra","7":"product_cat-2x1","8":"product_cat-buzos","9":"product_cat-flash-market","10":"product_tag-ginebra","12":"first","13":"instock","14":"shipping-taxable","15":"purchasable","16":"product-type-variable"},"_links":{"self":[{"href":"https:\/\/anacleta.com.ar\/es_es\/wp-json\/wp\/v2\/product\/103597","targetHints":{"allow":["GET"]}}],"collection":[{"href":"https:\/\/anacleta.com.ar\/es_es\/wp-json\/wp\/v2\/product"}],"about":[{"href":"https:\/\/anacleta.com.ar\/es_es\/wp-json\/wp\/v2\/types\/product"}],"wp:featuredmedia":[{"embeddable":true,"href":"https:\/\/anacleta.com.ar\/es_es\/wp-json\/wp\/v2\/media\/103600"}],"wp:attachment":[{"href":"https:\/\/anacleta.com.ar\/es_es\/wp-json\/wp\/v2\/media?parent=103597"}],"wp:term":[{"taxonomy":"product_brand","embeddable":true,"href":"https:\/\/anacleta.com.ar\/es_es\/wp-json\/wp\/v2\/product_brand?post=103597"},{"taxonomy":"product_cat","embeddable":true,"href":"https:\/\/anacleta.com.ar\/es_es\/wp-json\/wp\/v2\/product_cat?post=103597"},{"taxonomy":"product_tag","embeddable":true,"href":"https:\/\/anacleta.com.ar\/es_es\/wp-json\/wp\/v2\/product_tag?post=103597"}],"curies":[{"name":"wp","href":"https:\/\/api.w.org\/{rel}","templated":true}]}}