{"id":103758,"date":"2025-10-21T18:43:58","date_gmt":"2025-10-21T21:43:58","guid":{"rendered":"https:\/\/anacleta.com.ar\/?post_type=product&#038;p=103758"},"modified":"2026-02-06T18:38:06","modified_gmt":"2026-02-06T21:38:06","slug":"remera-flower","status":"publish","type":"product","link":"https:\/\/anacleta.com.ar\/es_es\/producto\/remera-flower\/","title":{"rendered":"Remera Flower"},"content":{"rendered":"","protected":false},"excerpt":{"rendered":"<p>Remer\u00f3n de calce oversize, confeccionado en jersey de algod\u00f3n con terminaci\u00f3n de gastado l\u00e1ser. Presenta cuello redondo, manga corta y tajos en laterales. Se destaca por su estampa exclusiva de Shibinda en delantero y espalda.<\/p>\n<p><strong>Composici\u00f3n:\u00a0<\/strong>100% Algod\u00f3n<\/p>\n<p><strong>Cuidados:\u00a0<\/strong>Lavar a mano con agua fr\u00eda. No usar cloro. Usar jab\u00f3n suave. Lavar con colores similares. Secar a la sombra, no utilizar secadora. No planchar sobre la estampa.<\/p>\n","protected":false},"featured_media":103762,"template":"","meta":[],"product_brand":[487],"product_cat":[129],"product_tag":[196],"class_list":{"0":"post-103758","1":"product","2":"type-product","3":"status-publish","4":"has-post-thumbnail","6":"product_brand-shibinda","7":"product_cat-remeras","8":"product_tag-shibinda","10":"first","11":"instock","12":"shipping-taxable","13":"purchasable","14":"product-type-variable"},"_links":{"self":[{"href":"https:\/\/anacleta.com.ar\/es_es\/wp-json\/wp\/v2\/product\/103758","targetHints":{"allow":["GET"]}}],"collection":[{"href":"https:\/\/anacleta.com.ar\/es_es\/wp-json\/wp\/v2\/product"}],"about":[{"href":"https:\/\/anacleta.com.ar\/es_es\/wp-json\/wp\/v2\/types\/product"}],"wp:featuredmedia":[{"embeddable":true,"href":"https:\/\/anacleta.com.ar\/es_es\/wp-json\/wp\/v2\/media\/103762"}],"wp:attachment":[{"href":"https:\/\/anacleta.com.ar\/es_es\/wp-json\/wp\/v2\/media?parent=103758"}],"wp:term":[{"taxonomy":"product_brand","embeddable":true,"href":"https:\/\/anacleta.com.ar\/es_es\/wp-json\/wp\/v2\/product_brand?post=103758"},{"taxonomy":"product_cat","embeddable":true,"href":"https:\/\/anacleta.com.ar\/es_es\/wp-json\/wp\/v2\/product_cat?post=103758"},{"taxonomy":"product_tag","embeddable":true,"href":"https:\/\/anacleta.com.ar\/es_es\/wp-json\/wp\/v2\/product_tag?post=103758"}],"curies":[{"name":"wp","href":"https:\/\/api.w.org\/{rel}","templated":true}]}}