{"id":103860,"date":"2025-10-23T20:23:14","date_gmt":"2025-10-23T23:23:14","guid":{"rendered":"https:\/\/anacleta.com.ar\/?post_type=product&#038;p=103860"},"modified":"2025-10-23T20:23:14","modified_gmt":"2025-10-23T23:23:14","slug":"falda-aurora","status":"publish","type":"product","link":"https:\/\/anacleta.com.ar\/es_es\/producto\/falda-aurora\/","title":{"rendered":"Falda Aurora"},"content":{"rendered":"","protected":false},"excerpt":{"rendered":"<p>De esp\u00edritu et\u00e9reo y elegante, esta falda confeccionada en tul liviano presenta bordados en l\u00edneas verticales de cadenas de strass que estilizan la figura, y delicadas plumas al tono que aportan movimiento y textura. Cintura alta con terminaci\u00f3n limpia que enmarca la silueta y aporta un toque contempor\u00e1neo a una pieza de inspiraci\u00f3n rom\u00e1ntica.<\/p>\n<ul>\n<li style=\"list-style-type: none;\">\n<ul>\n<li><strong>Composici\u00f3n:<\/strong>\u00a0Tul bordado.<\/li>\n<li><strong>Talle y Molder\u00eda:<\/strong>\u00a0La modelo usa talle S y mide 1.72 m. Calce ajustado en cintura con ca\u00edda amplia desde la cadera. Cierre lateral oculto.<\/li>\n<\/ul>\n<\/li>\n<\/ul>\n","protected":false},"featured_media":103864,"template":"","meta":[],"product_brand":[],"product_cat":[125,130],"product_tag":[114],"class_list":{"0":"post-103860","1":"product","2":"type-product","3":"status-publish","4":"has-post-thumbnail","6":"product_cat-fiesta","7":"product_cat-vestidos-y-faldas","8":"product_tag-natalia-antolin","10":"first","11":"instock","12":"shipping-taxable","13":"purchasable","14":"product-type-variable"},"_links":{"self":[{"href":"https:\/\/anacleta.com.ar\/es_es\/wp-json\/wp\/v2\/product\/103860","targetHints":{"allow":["GET"]}}],"collection":[{"href":"https:\/\/anacleta.com.ar\/es_es\/wp-json\/wp\/v2\/product"}],"about":[{"href":"https:\/\/anacleta.com.ar\/es_es\/wp-json\/wp\/v2\/types\/product"}],"wp:featuredmedia":[{"embeddable":true,"href":"https:\/\/anacleta.com.ar\/es_es\/wp-json\/wp\/v2\/media\/103864"}],"wp:attachment":[{"href":"https:\/\/anacleta.com.ar\/es_es\/wp-json\/wp\/v2\/media?parent=103860"}],"wp:term":[{"taxonomy":"product_brand","embeddable":true,"href":"https:\/\/anacleta.com.ar\/es_es\/wp-json\/wp\/v2\/product_brand?post=103860"},{"taxonomy":"product_cat","embeddable":true,"href":"https:\/\/anacleta.com.ar\/es_es\/wp-json\/wp\/v2\/product_cat?post=103860"},{"taxonomy":"product_tag","embeddable":true,"href":"https:\/\/anacleta.com.ar\/es_es\/wp-json\/wp\/v2\/product_tag?post=103860"}],"curies":[{"name":"wp","href":"https:\/\/api.w.org\/{rel}","templated":true}]}}