{"id":103889,"date":"2025-10-23T20:41:50","date_gmt":"2025-10-23T23:41:50","guid":{"rendered":"https:\/\/anacleta.com.ar\/?post_type=product&#038;p=103889"},"modified":"2025-10-23T20:41:50","modified_gmt":"2025-10-23T23:41:50","slug":"pantalon-belinda","status":"publish","type":"product","link":"https:\/\/anacleta.com.ar\/es_es\/producto\/pantalon-belinda\/","title":{"rendered":"Pantalon Belinda"},"content":{"rendered":"","protected":false},"excerpt":{"rendered":"<p>Este pantal\u00f3n sastrero con tajos laterales propone una silueta audaz y contempor\u00e1nea, destacada por aberturas que recorren la pierna y se sujetan con atraques bordados en strass de distintos tama\u00f1os. Un dise\u00f1o impactante que juega con el contraste entre piel y brillo, ideal para destacar en cualquier ocasi\u00f3n especial.<\/p>\n<ul>\n<li><strong>Composici\u00f3n:<\/strong>\u00a0Poli\u00e9ster y Elastano.<\/li>\n<li><strong>Talle y Molder\u00eda:<\/strong>\u00a0Tiro alto, fit al cuerpo con ca\u00edda recta. La modelo mide 1,72 m y usa talle S.<\/li>\n<\/ul>\n","protected":false},"featured_media":103885,"template":"","meta":[],"product_brand":[],"product_cat":[125,134],"product_tag":[114],"class_list":{"0":"post-103889","1":"product","2":"type-product","3":"status-publish","4":"has-post-thumbnail","6":"product_cat-fiesta","7":"product_cat-pantalones","8":"product_tag-natalia-antolin","10":"first","11":"instock","12":"shipping-taxable","13":"purchasable","14":"product-type-variable"},"_links":{"self":[{"href":"https:\/\/anacleta.com.ar\/es_es\/wp-json\/wp\/v2\/product\/103889","targetHints":{"allow":["GET"]}}],"collection":[{"href":"https:\/\/anacleta.com.ar\/es_es\/wp-json\/wp\/v2\/product"}],"about":[{"href":"https:\/\/anacleta.com.ar\/es_es\/wp-json\/wp\/v2\/types\/product"}],"wp:featuredmedia":[{"embeddable":true,"href":"https:\/\/anacleta.com.ar\/es_es\/wp-json\/wp\/v2\/media\/103885"}],"wp:attachment":[{"href":"https:\/\/anacleta.com.ar\/es_es\/wp-json\/wp\/v2\/media?parent=103889"}],"wp:term":[{"taxonomy":"product_brand","embeddable":true,"href":"https:\/\/anacleta.com.ar\/es_es\/wp-json\/wp\/v2\/product_brand?post=103889"},{"taxonomy":"product_cat","embeddable":true,"href":"https:\/\/anacleta.com.ar\/es_es\/wp-json\/wp\/v2\/product_cat?post=103889"},{"taxonomy":"product_tag","embeddable":true,"href":"https:\/\/anacleta.com.ar\/es_es\/wp-json\/wp\/v2\/product_tag?post=103889"}],"curies":[{"name":"wp","href":"https:\/\/api.w.org\/{rel}","templated":true}]}}