{"id":103904,"date":"2025-10-23T20:52:30","date_gmt":"2025-10-23T23:52:30","guid":{"rendered":"https:\/\/anacleta.com.ar\/?post_type=product&#038;p=103904"},"modified":"2025-12-11T18:29:43","modified_gmt":"2025-12-11T21:29:43","slug":"pantalon-lara","status":"publish","type":"product","link":"https:\/\/anacleta.com.ar\/es_es\/producto\/pantalon-lara\/","title":{"rendered":"Pantalon Lara"},"content":{"rendered":"","protected":false},"excerpt":{"rendered":"<p data-start=\"135\" data-end=\"470\"><strong data-start=\"135\" data-end=\"264\">Este pantal\u00f3n largo de crepe sastrero eleva el dise\u00f1o cl\u00e1sico con una estampa degrad\u00e9 exclusiva y detalles que marcan estilo.<\/strong>\u00a0De calce recto impecable, incorpora tajos en las botamangas que aportan fluidez al caminar y estilizan la figura. Los botones de strass, ubicados estrat\u00e9gicamente, suman un gui\u00f1o de brillo sutil y moderno.<\/p>\n<ul>\n<li data-start=\"472\" data-end=\"743\"><strong data-start=\"472\" data-end=\"488\">Composici\u00f3n:<\/strong>\u00a0Crepe sastrero de excelente ca\u00edda.<\/li>\n<li data-start=\"472\" data-end=\"743\"><strong data-start=\"526\" data-end=\"547\">Talle y Molder\u00eda:<\/strong>\u00a0Corte recto. Calce impecable. La modelo mide 1,71 m y usa talle 1.<\/li>\n<\/ul>\n","protected":false},"featured_media":103906,"template":"","meta":[],"product_brand":[],"product_cat":[125,134],"product_tag":[114],"class_list":{"0":"post-103904","1":"product","2":"type-product","3":"status-publish","4":"has-post-thumbnail","6":"product_cat-fiesta","7":"product_cat-pantalones","8":"product_tag-natalia-antolin","10":"first","11":"instock","12":"shipping-taxable","13":"purchasable","14":"product-type-variable"},"_links":{"self":[{"href":"https:\/\/anacleta.com.ar\/es_es\/wp-json\/wp\/v2\/product\/103904","targetHints":{"allow":["GET"]}}],"collection":[{"href":"https:\/\/anacleta.com.ar\/es_es\/wp-json\/wp\/v2\/product"}],"about":[{"href":"https:\/\/anacleta.com.ar\/es_es\/wp-json\/wp\/v2\/types\/product"}],"wp:featuredmedia":[{"embeddable":true,"href":"https:\/\/anacleta.com.ar\/es_es\/wp-json\/wp\/v2\/media\/103906"}],"wp:attachment":[{"href":"https:\/\/anacleta.com.ar\/es_es\/wp-json\/wp\/v2\/media?parent=103904"}],"wp:term":[{"taxonomy":"product_brand","embeddable":true,"href":"https:\/\/anacleta.com.ar\/es_es\/wp-json\/wp\/v2\/product_brand?post=103904"},{"taxonomy":"product_cat","embeddable":true,"href":"https:\/\/anacleta.com.ar\/es_es\/wp-json\/wp\/v2\/product_cat?post=103904"},{"taxonomy":"product_tag","embeddable":true,"href":"https:\/\/anacleta.com.ar\/es_es\/wp-json\/wp\/v2\/product_tag?post=103904"}],"curies":[{"name":"wp","href":"https:\/\/api.w.org\/{rel}","templated":true}]}}