{"id":104136,"date":"2025-11-08T08:00:56","date_gmt":"2025-11-08T11:00:56","guid":{"rendered":"https:\/\/anacleta.com.ar\/?post_type=product&#038;p=104136"},"modified":"2025-12-03T19:57:03","modified_gmt":"2025-12-03T22:57:03","slug":"pantalon-elena","status":"publish","type":"product","link":"https:\/\/anacleta.com.ar\/es_es\/producto\/pantalon-elena\/","title":{"rendered":"Pantalon Elena"},"content":{"rendered":"","protected":false},"excerpt":{"rendered":"<p>Pantal\u00f3n Elena de calce al cuerpo confeccionado en tejido con base de algod\u00f3n. Presenta botamanga ancha que equilibra la silueta y cintura con el\u00e1stico embutido para mayor comodidad. Las terminaciones son en ruedo con costura invisible.<\/p>\n<p>Composici\u00f3n: 54% algod\u00f3n, 40% poliamida, 7% elastano<\/p>\n<p>Referencia modelo Lena: Altura 1,75 Talle: 1<\/p>\n","protected":false},"featured_media":104138,"template":"","meta":[],"product_brand":[480],"product_cat":[134],"product_tag":[112],"class_list":{"0":"post-104136","1":"product","2":"type-product","3":"status-publish","4":"has-post-thumbnail","6":"product_brand-jazmin-chebar","7":"product_cat-pantalones","8":"product_tag-jazmin-chebar","10":"first","11":"instock","12":"shipping-taxable","13":"purchasable","14":"product-type-variable"},"_links":{"self":[{"href":"https:\/\/anacleta.com.ar\/es_es\/wp-json\/wp\/v2\/product\/104136","targetHints":{"allow":["GET"]}}],"collection":[{"href":"https:\/\/anacleta.com.ar\/es_es\/wp-json\/wp\/v2\/product"}],"about":[{"href":"https:\/\/anacleta.com.ar\/es_es\/wp-json\/wp\/v2\/types\/product"}],"wp:featuredmedia":[{"embeddable":true,"href":"https:\/\/anacleta.com.ar\/es_es\/wp-json\/wp\/v2\/media\/104138"}],"wp:attachment":[{"href":"https:\/\/anacleta.com.ar\/es_es\/wp-json\/wp\/v2\/media?parent=104136"}],"wp:term":[{"taxonomy":"product_brand","embeddable":true,"href":"https:\/\/anacleta.com.ar\/es_es\/wp-json\/wp\/v2\/product_brand?post=104136"},{"taxonomy":"product_cat","embeddable":true,"href":"https:\/\/anacleta.com.ar\/es_es\/wp-json\/wp\/v2\/product_cat?post=104136"},{"taxonomy":"product_tag","embeddable":true,"href":"https:\/\/anacleta.com.ar\/es_es\/wp-json\/wp\/v2\/product_tag?post=104136"}],"curies":[{"name":"wp","href":"https:\/\/api.w.org\/{rel}","templated":true}]}}