{"id":104236,"date":"2025-11-08T08:11:56","date_gmt":"2025-11-08T11:11:56","guid":{"rendered":"https:\/\/anacleta.com.ar\/?post_type=product&#038;p=104236"},"modified":"2026-03-31T20:42:01","modified_gmt":"2026-03-31T23:42:01","slug":"top-portugal","status":"publish","type":"product","link":"https:\/\/anacleta.com.ar\/es_es\/producto\/top-portugal\/","title":{"rendered":"Top Portugal"},"content":{"rendered":"","protected":false},"excerpt":{"rendered":"<p>Top Portugal confeccionado en tejido de punto, es de escote en V y espalda descubierta. Lleva lazo para atar en la parte de atr\u00e1s.<\/p>\n<p>Composici\u00f3n: 45% algod\u00f3n 35% lino 20% poli\u00e9ster<\/p>\n<p>Referencia modelo Helena: Altura 1,72 Talle: 1<\/p>\n","protected":false},"featured_media":104238,"template":"","meta":[],"product_brand":[],"product_cat":[181],"product_tag":[],"class_list":{"0":"post-104236","1":"product","2":"type-product","3":"status-publish","4":"has-post-thumbnail","6":"product_cat-tops","8":"first","9":"instock","10":"sale","11":"shipping-taxable","12":"purchasable","13":"product-type-variable"},"_links":{"self":[{"href":"https:\/\/anacleta.com.ar\/es_es\/wp-json\/wp\/v2\/product\/104236","targetHints":{"allow":["GET"]}}],"collection":[{"href":"https:\/\/anacleta.com.ar\/es_es\/wp-json\/wp\/v2\/product"}],"about":[{"href":"https:\/\/anacleta.com.ar\/es_es\/wp-json\/wp\/v2\/types\/product"}],"wp:featuredmedia":[{"embeddable":true,"href":"https:\/\/anacleta.com.ar\/es_es\/wp-json\/wp\/v2\/media\/104238"}],"wp:attachment":[{"href":"https:\/\/anacleta.com.ar\/es_es\/wp-json\/wp\/v2\/media?parent=104236"}],"wp:term":[{"taxonomy":"product_brand","embeddable":true,"href":"https:\/\/anacleta.com.ar\/es_es\/wp-json\/wp\/v2\/product_brand?post=104236"},{"taxonomy":"product_cat","embeddable":true,"href":"https:\/\/anacleta.com.ar\/es_es\/wp-json\/wp\/v2\/product_cat?post=104236"},{"taxonomy":"product_tag","embeddable":true,"href":"https:\/\/anacleta.com.ar\/es_es\/wp-json\/wp\/v2\/product_tag?post=104236"}],"curies":[{"name":"wp","href":"https:\/\/api.w.org\/{rel}","templated":true}]}}