{"id":104312,"date":"2025-11-07T12:35:50","date_gmt":"2025-11-07T15:35:50","guid":{"rendered":"https:\/\/anacleta.com.ar\/?post_type=product&#038;p=104312"},"modified":"2026-01-03T13:23:01","modified_gmt":"2026-01-03T16:23:01","slug":"vestido-vilna-2","status":"publish","type":"product","link":"https:\/\/anacleta.com.ar\/es_es\/producto\/vestido-vilna-2\/","title":{"rendered":"Vestido Vilna"},"content":{"rendered":"","protected":false},"excerpt":{"rendered":"<p>Un dise\u00f1o largo de impacto con bordado \u00edntegro en strass que dibuja la silueta con destellos \u00fanicos. Escote bustier con transparencias y espalda con tiras entrecruzadas para un look sofisticado y sensual. Ideal para noches donde la elegancia se roba todas las miradas.<\/p>\n","protected":false},"featured_media":104315,"template":"","meta":[],"product_brand":[486],"product_cat":[125,130],"product_tag":[384],"class_list":{"0":"post-104312","1":"product","2":"type-product","3":"status-publish","4":"has-post-thumbnail","6":"product_brand-paz-cornu","7":"product_cat-fiesta","8":"product_cat-vestidos-y-faldas","9":"product_tag-paz-cornu","11":"first","12":"instock","13":"shipping-taxable","14":"purchasable","15":"product-type-variable"},"_links":{"self":[{"href":"https:\/\/anacleta.com.ar\/es_es\/wp-json\/wp\/v2\/product\/104312","targetHints":{"allow":["GET"]}}],"collection":[{"href":"https:\/\/anacleta.com.ar\/es_es\/wp-json\/wp\/v2\/product"}],"about":[{"href":"https:\/\/anacleta.com.ar\/es_es\/wp-json\/wp\/v2\/types\/product"}],"wp:featuredmedia":[{"embeddable":true,"href":"https:\/\/anacleta.com.ar\/es_es\/wp-json\/wp\/v2\/media\/104315"}],"wp:attachment":[{"href":"https:\/\/anacleta.com.ar\/es_es\/wp-json\/wp\/v2\/media?parent=104312"}],"wp:term":[{"taxonomy":"product_brand","embeddable":true,"href":"https:\/\/anacleta.com.ar\/es_es\/wp-json\/wp\/v2\/product_brand?post=104312"},{"taxonomy":"product_cat","embeddable":true,"href":"https:\/\/anacleta.com.ar\/es_es\/wp-json\/wp\/v2\/product_cat?post=104312"},{"taxonomy":"product_tag","embeddable":true,"href":"https:\/\/anacleta.com.ar\/es_es\/wp-json\/wp\/v2\/product_tag?post=104312"}],"curies":[{"name":"wp","href":"https:\/\/api.w.org\/{rel}","templated":true}]}}