{"id":104381,"date":"2025-11-12T19:58:32","date_gmt":"2025-11-12T22:58:32","guid":{"rendered":"https:\/\/anacleta.com.ar\/?post_type=product&#038;p=104381"},"modified":"2026-03-28T10:26:23","modified_gmt":"2026-03-28T13:26:23","slug":"vestido-mare","status":"publish","type":"product","link":"https:\/\/anacleta.com.ar\/es_es\/producto\/vestido-mare\/","title":{"rendered":"Vestido Mare"},"content":{"rendered":"","protected":false},"excerpt":{"rendered":"<p data-start=\"445\" data-end=\"824\">Vestido midi que combina dos g\u00e9neros con texturas contrastantes: bustier en algod\u00f3n bambula texturado y falda en poplin de algod\u00f3n con tajo frontal. El top se encuentra forrado y cuenta con short interno de microfibra. Breteles finos regulables y bolsillos laterales aportan comodidad y funcionalidad. (La producci\u00f3n es 10 cm m\u00e1s larga que la mostrada en fotos).<\/p>\n<p><strong>Composici\u00f3n:<\/strong>\u00a095% Poli\u00e9ster 5% Spandex. Falda: 100% Algod\u00f3n<\/p>\n","protected":false},"featured_media":104383,"template":"","meta":[],"product_brand":[487],"product_cat":[130],"product_tag":[196],"class_list":{"0":"post-104381","1":"product","2":"type-product","3":"status-publish","4":"has-post-thumbnail","6":"product_brand-shibinda","7":"product_cat-vestidos-y-faldas","8":"product_tag-shibinda","10":"first","11":"outofstock","12":"shipping-taxable","13":"product-type-variable"},"_links":{"self":[{"href":"https:\/\/anacleta.com.ar\/es_es\/wp-json\/wp\/v2\/product\/104381","targetHints":{"allow":["GET"]}}],"collection":[{"href":"https:\/\/anacleta.com.ar\/es_es\/wp-json\/wp\/v2\/product"}],"about":[{"href":"https:\/\/anacleta.com.ar\/es_es\/wp-json\/wp\/v2\/types\/product"}],"wp:featuredmedia":[{"embeddable":true,"href":"https:\/\/anacleta.com.ar\/es_es\/wp-json\/wp\/v2\/media\/104383"}],"wp:attachment":[{"href":"https:\/\/anacleta.com.ar\/es_es\/wp-json\/wp\/v2\/media?parent=104381"}],"wp:term":[{"taxonomy":"product_brand","embeddable":true,"href":"https:\/\/anacleta.com.ar\/es_es\/wp-json\/wp\/v2\/product_brand?post=104381"},{"taxonomy":"product_cat","embeddable":true,"href":"https:\/\/anacleta.com.ar\/es_es\/wp-json\/wp\/v2\/product_cat?post=104381"},{"taxonomy":"product_tag","embeddable":true,"href":"https:\/\/anacleta.com.ar\/es_es\/wp-json\/wp\/v2\/product_tag?post=104381"}],"curies":[{"name":"wp","href":"https:\/\/api.w.org\/{rel}","templated":true}]}}