{"id":104396,"date":"2025-11-12T20:11:29","date_gmt":"2025-11-12T23:11:29","guid":{"rendered":"https:\/\/anacleta.com.ar\/?post_type=product&#038;p=104396"},"modified":"2026-02-06T18:37:07","modified_gmt":"2026-02-06T21:37:07","slug":"blazer-nacar-2","status":"publish","type":"product","link":"https:\/\/anacleta.com.ar\/es_es\/producto\/blazer-nacar-2\/","title":{"rendered":"Blazer Nacar"},"content":{"rendered":"","protected":false},"excerpt":{"rendered":"<p style=\"font-weight: 400;\">Blazer confeccionado en creppe twill con cuello y solapa cl\u00e1sica. Presenta hombreras que estructuran la silueta, bolsillos ojal con tapa y cruce simple con bot\u00f3n a tono. Los tajos en pu\u00f1os y la abertura en la espalda aportan un acabado prolijo y elegante. \u00cdntegramente forrado.<\/p>\n<p style=\"font-weight: 400;\"><strong>Composici\u00f3n:<\/strong>\u00a092% Ray\u00f3n 8% Poli\u00e9ster, Forrer\u00eda: 100% Poli\u00e9ster<\/p>\n","protected":false},"featured_media":104399,"template":"","meta":[],"product_brand":[487],"product_cat":[477],"product_tag":[196],"class_list":{"0":"post-104396","1":"product","2":"type-product","3":"status-publish","4":"has-post-thumbnail","6":"product_brand-shibinda","7":"product_cat-blazer","8":"product_tag-shibinda","10":"first","11":"instock","12":"shipping-taxable","13":"purchasable","14":"product-type-variable"},"_links":{"self":[{"href":"https:\/\/anacleta.com.ar\/es_es\/wp-json\/wp\/v2\/product\/104396","targetHints":{"allow":["GET"]}}],"collection":[{"href":"https:\/\/anacleta.com.ar\/es_es\/wp-json\/wp\/v2\/product"}],"about":[{"href":"https:\/\/anacleta.com.ar\/es_es\/wp-json\/wp\/v2\/types\/product"}],"wp:featuredmedia":[{"embeddable":true,"href":"https:\/\/anacleta.com.ar\/es_es\/wp-json\/wp\/v2\/media\/104399"}],"wp:attachment":[{"href":"https:\/\/anacleta.com.ar\/es_es\/wp-json\/wp\/v2\/media?parent=104396"}],"wp:term":[{"taxonomy":"product_brand","embeddable":true,"href":"https:\/\/anacleta.com.ar\/es_es\/wp-json\/wp\/v2\/product_brand?post=104396"},{"taxonomy":"product_cat","embeddable":true,"href":"https:\/\/anacleta.com.ar\/es_es\/wp-json\/wp\/v2\/product_cat?post=104396"},{"taxonomy":"product_tag","embeddable":true,"href":"https:\/\/anacleta.com.ar\/es_es\/wp-json\/wp\/v2\/product_tag?post=104396"}],"curies":[{"name":"wp","href":"https:\/\/api.w.org\/{rel}","templated":true}]}}