{"id":104492,"date":"2025-11-13T11:36:29","date_gmt":"2025-11-13T14:36:29","guid":{"rendered":"https:\/\/anacleta.com.ar\/?post_type=product&#038;p=104492"},"modified":"2026-02-06T18:29:50","modified_gmt":"2026-02-06T21:29:50","slug":"vestido-parissea","status":"publish","type":"product","link":"https:\/\/anacleta.com.ar\/es_es\/producto\/vestido-parissea\/","title":{"rendered":"Vestido Parissea"},"content":{"rendered":"","protected":false},"excerpt":{"rendered":"<p>Deslumbr\u00e1 con el encanto del Vestido Parissea. Corset bordado con cristales y lentejuelas, falda de sat\u00e9n con ca\u00edda fluida y espalda descubierta con tiras cruzadas. Un dise\u00f1o elegante y seductor que roba todas las miradas.<\/p>\n","protected":false},"featured_media":104496,"template":"","meta":[],"product_brand":[486],"product_cat":[125,130],"product_tag":[384],"class_list":{"0":"post-104492","1":"product","2":"type-product","3":"status-publish","4":"has-post-thumbnail","6":"product_brand-paz-cornu","7":"product_cat-fiesta","8":"product_cat-vestidos-y-faldas","9":"product_tag-paz-cornu","11":"first","12":"instock","13":"shipping-taxable","14":"purchasable","15":"product-type-variable"},"_links":{"self":[{"href":"https:\/\/anacleta.com.ar\/es_es\/wp-json\/wp\/v2\/product\/104492","targetHints":{"allow":["GET"]}}],"collection":[{"href":"https:\/\/anacleta.com.ar\/es_es\/wp-json\/wp\/v2\/product"}],"about":[{"href":"https:\/\/anacleta.com.ar\/es_es\/wp-json\/wp\/v2\/types\/product"}],"wp:featuredmedia":[{"embeddable":true,"href":"https:\/\/anacleta.com.ar\/es_es\/wp-json\/wp\/v2\/media\/104496"}],"wp:attachment":[{"href":"https:\/\/anacleta.com.ar\/es_es\/wp-json\/wp\/v2\/media?parent=104492"}],"wp:term":[{"taxonomy":"product_brand","embeddable":true,"href":"https:\/\/anacleta.com.ar\/es_es\/wp-json\/wp\/v2\/product_brand?post=104492"},{"taxonomy":"product_cat","embeddable":true,"href":"https:\/\/anacleta.com.ar\/es_es\/wp-json\/wp\/v2\/product_cat?post=104492"},{"taxonomy":"product_tag","embeddable":true,"href":"https:\/\/anacleta.com.ar\/es_es\/wp-json\/wp\/v2\/product_tag?post=104492"}],"curies":[{"name":"wp","href":"https:\/\/api.w.org\/{rel}","templated":true}]}}