{"id":104721,"date":"2025-11-26T20:07:18","date_gmt":"2025-11-26T23:07:18","guid":{"rendered":"https:\/\/anacleta.com.ar\/?post_type=product&#038;p=104721"},"modified":"2026-02-14T10:39:14","modified_gmt":"2026-02-14T13:39:14","slug":"jean-denim-atenea","status":"publish","type":"product","link":"https:\/\/anacleta.com.ar\/es_es\/producto\/jean-denim-atenea\/","title":{"rendered":"Jean Denim Atenea"},"content":{"rendered":"","protected":false},"excerpt":{"rendered":"<p>El jean Atenea est\u00e1 realizado en denim 100% algod\u00f3n; es un jean con calce wide leg. Est\u00e1 realizado con 2 tipos de telas de colores diferentes. Cuenta con recortes laterales y en entrepierna en color negro que siguen la forma de la pierna, generando un efecto de estilizaci\u00f3n de la pierna. Tambi\u00e9n cuenta con recortes en botamanga, ruedo desflecado y sombra de bolsillos traseros. Esta prenda tiene detalles por donde la mires. Lleva av\u00edos marcarios ginebra en n\u00edquel y badana de la marca.<br \/>\n<em>Referencia modelo: Altura 1,77 Talle 26<\/em><\/p>\n","protected":false},"featured_media":104723,"template":"","meta":[],"product_brand":[481],"product_cat":[492,126,491,134],"product_tag":[111],"class_list":{"0":"post-104721","1":"product","2":"type-product","3":"status-publish","4":"has-post-thumbnail","6":"product_brand-ginebra","7":"product_cat-2x1","8":"product_cat-denim","9":"product_cat-flash-market","10":"product_cat-pantalones","11":"product_tag-ginebra","13":"first","14":"instock","15":"shipping-taxable","16":"purchasable","17":"product-type-variable"},"_links":{"self":[{"href":"https:\/\/anacleta.com.ar\/es_es\/wp-json\/wp\/v2\/product\/104721","targetHints":{"allow":["GET"]}}],"collection":[{"href":"https:\/\/anacleta.com.ar\/es_es\/wp-json\/wp\/v2\/product"}],"about":[{"href":"https:\/\/anacleta.com.ar\/es_es\/wp-json\/wp\/v2\/types\/product"}],"wp:featuredmedia":[{"embeddable":true,"href":"https:\/\/anacleta.com.ar\/es_es\/wp-json\/wp\/v2\/media\/104723"}],"wp:attachment":[{"href":"https:\/\/anacleta.com.ar\/es_es\/wp-json\/wp\/v2\/media?parent=104721"}],"wp:term":[{"taxonomy":"product_brand","embeddable":true,"href":"https:\/\/anacleta.com.ar\/es_es\/wp-json\/wp\/v2\/product_brand?post=104721"},{"taxonomy":"product_cat","embeddable":true,"href":"https:\/\/anacleta.com.ar\/es_es\/wp-json\/wp\/v2\/product_cat?post=104721"},{"taxonomy":"product_tag","embeddable":true,"href":"https:\/\/anacleta.com.ar\/es_es\/wp-json\/wp\/v2\/product_tag?post=104721"}],"curies":[{"name":"wp","href":"https:\/\/api.w.org\/{rel}","templated":true}]}}