{"id":105316,"date":"2025-12-19T12:31:59","date_gmt":"2025-12-19T15:31:59","guid":{"rendered":"https:\/\/anacleta.com.ar\/?post_type=product&#038;p=105316"},"modified":"2025-12-19T12:31:59","modified_gmt":"2025-12-19T15:31:59","slug":"flare-merida","status":"publish","type":"product","link":"https:\/\/anacleta.com.ar\/es_es\/producto\/flare-merida\/","title":{"rendered":"Flare Merida"},"content":{"rendered":"","protected":false},"excerpt":{"rendered":"<p>Pantal\u00f3n denim engomado recto, con cinco bolsillos y cierre frontal con cremallera y bot\u00f3n met\u00e1lico.<\/p>\n","protected":false},"featured_media":105319,"template":"","meta":[],"product_brand":[487],"product_cat":[126,134],"product_tag":[196],"class_list":{"0":"post-105316","1":"product","2":"type-product","3":"status-publish","4":"has-post-thumbnail","6":"product_brand-shibinda","7":"product_cat-denim","8":"product_cat-pantalones","9":"product_tag-shibinda","11":"first","12":"instock","13":"shipping-taxable","14":"purchasable","15":"product-type-variable"},"_links":{"self":[{"href":"https:\/\/anacleta.com.ar\/es_es\/wp-json\/wp\/v2\/product\/105316","targetHints":{"allow":["GET"]}}],"collection":[{"href":"https:\/\/anacleta.com.ar\/es_es\/wp-json\/wp\/v2\/product"}],"about":[{"href":"https:\/\/anacleta.com.ar\/es_es\/wp-json\/wp\/v2\/types\/product"}],"wp:featuredmedia":[{"embeddable":true,"href":"https:\/\/anacleta.com.ar\/es_es\/wp-json\/wp\/v2\/media\/105319"}],"wp:attachment":[{"href":"https:\/\/anacleta.com.ar\/es_es\/wp-json\/wp\/v2\/media?parent=105316"}],"wp:term":[{"taxonomy":"product_brand","embeddable":true,"href":"https:\/\/anacleta.com.ar\/es_es\/wp-json\/wp\/v2\/product_brand?post=105316"},{"taxonomy":"product_cat","embeddable":true,"href":"https:\/\/anacleta.com.ar\/es_es\/wp-json\/wp\/v2\/product_cat?post=105316"},{"taxonomy":"product_tag","embeddable":true,"href":"https:\/\/anacleta.com.ar\/es_es\/wp-json\/wp\/v2\/product_tag?post=105316"}],"curies":[{"name":"wp","href":"https:\/\/api.w.org\/{rel}","templated":true}]}}