{"id":105332,"date":"2025-12-19T12:39:38","date_gmt":"2025-12-19T15:39:38","guid":{"rendered":"https:\/\/anacleta.com.ar\/?post_type=product&#038;p=105332"},"modified":"2025-12-19T12:39:38","modified_gmt":"2025-12-19T15:39:38","slug":"top-destello","status":"publish","type":"product","link":"https:\/\/anacleta.com.ar\/es_es\/producto\/top-destello\/","title":{"rendered":"Top Destello"},"content":{"rendered":"","protected":false},"excerpt":{"rendered":"<p style=\"font-weight: 400;\">Top confeccionado en lentejuelas, con tiras el\u00e1sticas en cuello y espalda que permiten un calce c\u00f3modo y regulable. Sus terminaciones incluyen delicados dijes met\u00e1licos. Prenda \u00edntegramente forrada para mayor suavidad y terminaci\u00f3n.<\/p>\n","protected":false},"featured_media":105336,"template":"","meta":[],"product_brand":[487],"product_cat":[181],"product_tag":[196],"class_list":{"0":"post-105332","1":"product","2":"type-product","3":"status-publish","4":"has-post-thumbnail","6":"product_brand-shibinda","7":"product_cat-tops","8":"product_tag-shibinda","10":"first","11":"instock","12":"shipping-taxable","13":"purchasable","14":"product-type-variable"},"_links":{"self":[{"href":"https:\/\/anacleta.com.ar\/es_es\/wp-json\/wp\/v2\/product\/105332","targetHints":{"allow":["GET"]}}],"collection":[{"href":"https:\/\/anacleta.com.ar\/es_es\/wp-json\/wp\/v2\/product"}],"about":[{"href":"https:\/\/anacleta.com.ar\/es_es\/wp-json\/wp\/v2\/types\/product"}],"wp:featuredmedia":[{"embeddable":true,"href":"https:\/\/anacleta.com.ar\/es_es\/wp-json\/wp\/v2\/media\/105336"}],"wp:attachment":[{"href":"https:\/\/anacleta.com.ar\/es_es\/wp-json\/wp\/v2\/media?parent=105332"}],"wp:term":[{"taxonomy":"product_brand","embeddable":true,"href":"https:\/\/anacleta.com.ar\/es_es\/wp-json\/wp\/v2\/product_brand?post=105332"},{"taxonomy":"product_cat","embeddable":true,"href":"https:\/\/anacleta.com.ar\/es_es\/wp-json\/wp\/v2\/product_cat?post=105332"},{"taxonomy":"product_tag","embeddable":true,"href":"https:\/\/anacleta.com.ar\/es_es\/wp-json\/wp\/v2\/product_tag?post=105332"}],"curies":[{"name":"wp","href":"https:\/\/api.w.org\/{rel}","templated":true}]}}