{"id":105380,"date":"2025-12-19T18:08:24","date_gmt":"2025-12-19T21:08:24","guid":{"rendered":"https:\/\/anacleta.com.ar\/?post_type=product&#038;p=105380"},"modified":"2025-12-19T18:08:24","modified_gmt":"2025-12-19T21:08:24","slug":"vestido-piel","status":"publish","type":"product","link":"https:\/\/anacleta.com.ar\/es_es\/producto\/vestido-piel\/","title":{"rendered":"Vestido Piel"},"content":{"rendered":"","protected":false},"excerpt":{"rendered":"<p>Vestido strapless confeccionado en microfibra, completamente forrado, reversible y con el\u00e1stico en uno de sus escotes. Su tejido de estiramiento medio lo hace c\u00f3modo y vers\u00e1til, ideal para usar bajo prendas con transparencias<\/p>\n","protected":false},"featured_media":105384,"template":"","meta":[],"product_brand":[487],"product_cat":[130],"product_tag":[196],"class_list":{"0":"post-105380","1":"product","2":"type-product","3":"status-publish","4":"has-post-thumbnail","6":"product_brand-shibinda","7":"product_cat-vestidos-y-faldas","8":"product_tag-shibinda","10":"first","11":"instock","12":"shipping-taxable","13":"purchasable","14":"product-type-variable"},"_links":{"self":[{"href":"https:\/\/anacleta.com.ar\/es_es\/wp-json\/wp\/v2\/product\/105380","targetHints":{"allow":["GET"]}}],"collection":[{"href":"https:\/\/anacleta.com.ar\/es_es\/wp-json\/wp\/v2\/product"}],"about":[{"href":"https:\/\/anacleta.com.ar\/es_es\/wp-json\/wp\/v2\/types\/product"}],"wp:featuredmedia":[{"embeddable":true,"href":"https:\/\/anacleta.com.ar\/es_es\/wp-json\/wp\/v2\/media\/105384"}],"wp:attachment":[{"href":"https:\/\/anacleta.com.ar\/es_es\/wp-json\/wp\/v2\/media?parent=105380"}],"wp:term":[{"taxonomy":"product_brand","embeddable":true,"href":"https:\/\/anacleta.com.ar\/es_es\/wp-json\/wp\/v2\/product_brand?post=105380"},{"taxonomy":"product_cat","embeddable":true,"href":"https:\/\/anacleta.com.ar\/es_es\/wp-json\/wp\/v2\/product_cat?post=105380"},{"taxonomy":"product_tag","embeddable":true,"href":"https:\/\/anacleta.com.ar\/es_es\/wp-json\/wp\/v2\/product_tag?post=105380"}],"curies":[{"name":"wp","href":"https:\/\/api.w.org\/{rel}","templated":true}]}}