{"id":105414,"date":"2025-12-19T20:33:27","date_gmt":"2025-12-19T23:33:27","guid":{"rendered":"https:\/\/anacleta.com.ar\/?post_type=product&#038;p=105414"},"modified":"2025-12-19T20:33:28","modified_gmt":"2025-12-19T23:33:28","slug":"chaleco-josep","status":"publish","type":"product","link":"https:\/\/anacleta.com.ar\/es_es\/producto\/chaleco-josep\/","title":{"rendered":"Chaleco Josep"},"content":{"rendered":"","protected":false},"excerpt":{"rendered":"<div class=\"product-description user-content\">\n<p data-start=\"455\" data-end=\"699\">Brillo y elegancia en su versi\u00f3n m\u00e1s audaz. El Josep combina corte sastrero con flecos de lentejuelas, creando un contraste irresistible entre lo cl\u00e1sico y lo provocador. Perfecto para dominar la noche con estilo.<\/p>\n<\/div>\n<div id=\"reviewsapp\"><\/div>\n","protected":false},"featured_media":105416,"template":"","meta":[],"product_brand":[486],"product_cat":[477],"product_tag":[384],"class_list":{"0":"post-105414","1":"product","2":"type-product","3":"status-publish","4":"has-post-thumbnail","6":"product_brand-paz-cornu","7":"product_cat-blazer","8":"product_tag-paz-cornu","10":"first","11":"instock","12":"shipping-taxable","13":"purchasable","14":"product-type-variable"},"_links":{"self":[{"href":"https:\/\/anacleta.com.ar\/es_es\/wp-json\/wp\/v2\/product\/105414","targetHints":{"allow":["GET"]}}],"collection":[{"href":"https:\/\/anacleta.com.ar\/es_es\/wp-json\/wp\/v2\/product"}],"about":[{"href":"https:\/\/anacleta.com.ar\/es_es\/wp-json\/wp\/v2\/types\/product"}],"wp:featuredmedia":[{"embeddable":true,"href":"https:\/\/anacleta.com.ar\/es_es\/wp-json\/wp\/v2\/media\/105416"}],"wp:attachment":[{"href":"https:\/\/anacleta.com.ar\/es_es\/wp-json\/wp\/v2\/media?parent=105414"}],"wp:term":[{"taxonomy":"product_brand","embeddable":true,"href":"https:\/\/anacleta.com.ar\/es_es\/wp-json\/wp\/v2\/product_brand?post=105414"},{"taxonomy":"product_cat","embeddable":true,"href":"https:\/\/anacleta.com.ar\/es_es\/wp-json\/wp\/v2\/product_cat?post=105414"},{"taxonomy":"product_tag","embeddable":true,"href":"https:\/\/anacleta.com.ar\/es_es\/wp-json\/wp\/v2\/product_tag?post=105414"}],"curies":[{"name":"wp","href":"https:\/\/api.w.org\/{rel}","templated":true}]}}