{"id":105650,"date":"2025-12-31T13:19:28","date_gmt":"2025-12-31T16:19:28","guid":{"rendered":"https:\/\/anacleta.com.ar\/?post_type=product&#038;p=105650"},"modified":"2025-12-31T13:19:28","modified_gmt":"2025-12-31T16:19:28","slug":"vestido-sicilia","status":"publish","type":"product","link":"https:\/\/anacleta.com.ar\/es_es\/producto\/vestido-sicilia\/","title":{"rendered":"Vestido Sicilia"},"content":{"rendered":"","protected":false},"excerpt":{"rendered":"<p style=\"font-weight: 400;\">Vestido con m\u00faltiples capas de volados que convergen en una delicada abertura frontal. Cuenta con escote semi coraz\u00f3n, forrer\u00eda completa y cierre invisible en la espalda que asegura un acabado prolijo. Confeccionado en tejido plano sin estiramiento.<\/p>\n<p style=\"font-weight: 400;\"><strong>Composici\u00f3n:\u00a0<\/strong>100% Poli\u00e9ster.<\/p>\n","protected":false},"featured_media":105654,"template":"","meta":[],"product_brand":[487],"product_cat":[130],"product_tag":[196],"class_list":{"0":"post-105650","1":"product","2":"type-product","3":"status-publish","4":"has-post-thumbnail","6":"product_brand-shibinda","7":"product_cat-vestidos-y-faldas","8":"product_tag-shibinda","10":"first","11":"instock","12":"shipping-taxable","13":"purchasable","14":"product-type-variable"},"_links":{"self":[{"href":"https:\/\/anacleta.com.ar\/es_es\/wp-json\/wp\/v2\/product\/105650","targetHints":{"allow":["GET"]}}],"collection":[{"href":"https:\/\/anacleta.com.ar\/es_es\/wp-json\/wp\/v2\/product"}],"about":[{"href":"https:\/\/anacleta.com.ar\/es_es\/wp-json\/wp\/v2\/types\/product"}],"wp:featuredmedia":[{"embeddable":true,"href":"https:\/\/anacleta.com.ar\/es_es\/wp-json\/wp\/v2\/media\/105654"}],"wp:attachment":[{"href":"https:\/\/anacleta.com.ar\/es_es\/wp-json\/wp\/v2\/media?parent=105650"}],"wp:term":[{"taxonomy":"product_brand","embeddable":true,"href":"https:\/\/anacleta.com.ar\/es_es\/wp-json\/wp\/v2\/product_brand?post=105650"},{"taxonomy":"product_cat","embeddable":true,"href":"https:\/\/anacleta.com.ar\/es_es\/wp-json\/wp\/v2\/product_cat?post=105650"},{"taxonomy":"product_tag","embeddable":true,"href":"https:\/\/anacleta.com.ar\/es_es\/wp-json\/wp\/v2\/product_tag?post=105650"}],"curies":[{"name":"wp","href":"https:\/\/api.w.org\/{rel}","templated":true}]}}