{"id":105655,"date":"2025-12-31T13:21:11","date_gmt":"2025-12-31T16:21:11","guid":{"rendered":"https:\/\/anacleta.com.ar\/?post_type=product&#038;p=105655"},"modified":"2025-12-31T13:21:12","modified_gmt":"2025-12-31T16:21:12","slug":"vestido-sicilia-2","status":"publish","type":"product","link":"https:\/\/anacleta.com.ar\/es_es\/producto\/vestido-sicilia-2\/","title":{"rendered":"Vestido Sicilia"},"content":{"rendered":"","protected":false},"excerpt":{"rendered":"<p style=\"font-weight: 400;\">Vestido con m\u00faltiples capas de volados que convergen en una delicada abertura frontal. Cuenta con escote semi coraz\u00f3n, forrer\u00eda completa y cierre invisible en la espalda que asegura un acabado prolijo. Confeccionado en tejido plano sin estiramiento.<\/p>\n<p style=\"font-weight: 400;\"><strong>Composici\u00f3n:\u00a0<\/strong>100% Poli\u00e9ster.<\/p>\n","protected":false},"featured_media":105657,"template":"","meta":[],"product_brand":[487],"product_cat":[130],"product_tag":[],"class_list":{"0":"post-105655","1":"product","2":"type-product","3":"status-publish","4":"has-post-thumbnail","6":"product_brand-shibinda","7":"product_cat-vestidos-y-faldas","9":"first","10":"instock","11":"shipping-taxable","12":"purchasable","13":"product-type-variable"},"_links":{"self":[{"href":"https:\/\/anacleta.com.ar\/es_es\/wp-json\/wp\/v2\/product\/105655","targetHints":{"allow":["GET"]}}],"collection":[{"href":"https:\/\/anacleta.com.ar\/es_es\/wp-json\/wp\/v2\/product"}],"about":[{"href":"https:\/\/anacleta.com.ar\/es_es\/wp-json\/wp\/v2\/types\/product"}],"wp:featuredmedia":[{"embeddable":true,"href":"https:\/\/anacleta.com.ar\/es_es\/wp-json\/wp\/v2\/media\/105657"}],"wp:attachment":[{"href":"https:\/\/anacleta.com.ar\/es_es\/wp-json\/wp\/v2\/media?parent=105655"}],"wp:term":[{"taxonomy":"product_brand","embeddable":true,"href":"https:\/\/anacleta.com.ar\/es_es\/wp-json\/wp\/v2\/product_brand?post=105655"},{"taxonomy":"product_cat","embeddable":true,"href":"https:\/\/anacleta.com.ar\/es_es\/wp-json\/wp\/v2\/product_cat?post=105655"},{"taxonomy":"product_tag","embeddable":true,"href":"https:\/\/anacleta.com.ar\/es_es\/wp-json\/wp\/v2\/product_tag?post=105655"}],"curies":[{"name":"wp","href":"https:\/\/api.w.org\/{rel}","templated":true}]}}