{"id":106028,"date":"2026-02-02T21:01:27","date_gmt":"2026-02-03T00:01:27","guid":{"rendered":"https:\/\/anacleta.com.ar\/?post_type=product&#038;p=106028"},"modified":"2026-04-07T09:46:41","modified_gmt":"2026-04-07T12:46:41","slug":"jeans-wide-x-blue","status":"publish","type":"product","link":"https:\/\/anacleta.com.ar\/es_es\/producto\/jeans-wide-x-blue\/","title":{"rendered":"Jeans Wide X Blue"},"content":{"rendered":"","protected":false},"excerpt":{"rendered":"<p>Jeans Wide X Blue de calce wide leg cropped. Confeccionados en denim 100% algod\u00f3n con un lavado azul cl\u00e1sico y desgastes que aportan un look atemporal. De fit relajado, pero al elegir un talle m\u00e1s chico pueden usarse m\u00e1s altos y ajustados en la cadera.<\/p>\n<p>Composici\u00f3n: 100% algod\u00f3n<\/p>\n<p>Referencia modelo Florencia :Altura 1,73 Talle: 24<\/p>\n","protected":false},"featured_media":106034,"template":"","meta":[],"product_brand":[480],"product_cat":[126,134],"product_tag":[112],"class_list":{"0":"post-106028","1":"product","2":"type-product","3":"status-publish","4":"has-post-thumbnail","6":"product_brand-jazmin-chebar","7":"product_cat-denim","8":"product_cat-pantalones","9":"product_tag-jazmin-chebar","11":"first","12":"instock","13":"shipping-taxable","14":"purchasable","15":"product-type-variable"},"_links":{"self":[{"href":"https:\/\/anacleta.com.ar\/es_es\/wp-json\/wp\/v2\/product\/106028","targetHints":{"allow":["GET"]}}],"collection":[{"href":"https:\/\/anacleta.com.ar\/es_es\/wp-json\/wp\/v2\/product"}],"about":[{"href":"https:\/\/anacleta.com.ar\/es_es\/wp-json\/wp\/v2\/types\/product"}],"wp:featuredmedia":[{"embeddable":true,"href":"https:\/\/anacleta.com.ar\/es_es\/wp-json\/wp\/v2\/media\/106034"}],"wp:attachment":[{"href":"https:\/\/anacleta.com.ar\/es_es\/wp-json\/wp\/v2\/media?parent=106028"}],"wp:term":[{"taxonomy":"product_brand","embeddable":true,"href":"https:\/\/anacleta.com.ar\/es_es\/wp-json\/wp\/v2\/product_brand?post=106028"},{"taxonomy":"product_cat","embeddable":true,"href":"https:\/\/anacleta.com.ar\/es_es\/wp-json\/wp\/v2\/product_cat?post=106028"},{"taxonomy":"product_tag","embeddable":true,"href":"https:\/\/anacleta.com.ar\/es_es\/wp-json\/wp\/v2\/product_tag?post=106028"}],"curies":[{"name":"wp","href":"https:\/\/api.w.org\/{rel}","templated":true}]}}