{"id":106050,"date":"2026-02-03T10:01:36","date_gmt":"2026-02-03T13:01:36","guid":{"rendered":"https:\/\/anacleta.com.ar\/?post_type=product&#038;p=106050"},"modified":"2026-03-23T18:42:42","modified_gmt":"2026-03-23T21:42:42","slug":"camisa-kiss","status":"publish","type":"product","link":"https:\/\/anacleta.com.ar\/es_es\/producto\/camisa-kiss\/","title":{"rendered":"Camisa Kiss"},"content":{"rendered":"","protected":false},"excerpt":{"rendered":"<p>Camisa Kiss de manga larga, es corta y de silueta cuadrada. Lleva bordado exclusivo en rosa y bordeaux. Hace juego con el Jeans Straight Kiss.<\/p>\n<p>Composici\u00f3n: 80% algod\u00f3n, 20% algod\u00f3n reciclado<\/p>\n<p>Referencia modelo Delfina: Altura 1,74 Talle: 1<\/p>\n","protected":false},"featured_media":106053,"template":"","meta":[],"product_brand":[480],"product_cat":[184],"product_tag":[112],"class_list":{"0":"post-106050","1":"product","2":"type-product","3":"status-publish","4":"has-post-thumbnail","6":"product_brand-jazmin-chebar","7":"product_cat-camisas","8":"product_tag-jazmin-chebar","10":"first","11":"outofstock","12":"shipping-taxable","13":"product-type-variable"},"_links":{"self":[{"href":"https:\/\/anacleta.com.ar\/es_es\/wp-json\/wp\/v2\/product\/106050","targetHints":{"allow":["GET"]}}],"collection":[{"href":"https:\/\/anacleta.com.ar\/es_es\/wp-json\/wp\/v2\/product"}],"about":[{"href":"https:\/\/anacleta.com.ar\/es_es\/wp-json\/wp\/v2\/types\/product"}],"wp:featuredmedia":[{"embeddable":true,"href":"https:\/\/anacleta.com.ar\/es_es\/wp-json\/wp\/v2\/media\/106053"}],"wp:attachment":[{"href":"https:\/\/anacleta.com.ar\/es_es\/wp-json\/wp\/v2\/media?parent=106050"}],"wp:term":[{"taxonomy":"product_brand","embeddable":true,"href":"https:\/\/anacleta.com.ar\/es_es\/wp-json\/wp\/v2\/product_brand?post=106050"},{"taxonomy":"product_cat","embeddable":true,"href":"https:\/\/anacleta.com.ar\/es_es\/wp-json\/wp\/v2\/product_cat?post=106050"},{"taxonomy":"product_tag","embeddable":true,"href":"https:\/\/anacleta.com.ar\/es_es\/wp-json\/wp\/v2\/product_tag?post=106050"}],"curies":[{"name":"wp","href":"https:\/\/api.w.org\/{rel}","templated":true}]}}