{"id":106266,"date":"2026-02-20T18:17:53","date_gmt":"2026-02-20T21:17:53","guid":{"rendered":"https:\/\/anacleta.com.ar\/?post_type=product&#038;p=106266"},"modified":"2026-02-20T18:17:53","modified_gmt":"2026-02-20T21:17:53","slug":"remera-lexy","status":"publish","type":"product","link":"https:\/\/anacleta.com.ar\/es_es\/producto\/remera-lexy\/","title":{"rendered":"Remera Lexy"},"content":{"rendered":"","protected":false},"excerpt":{"rendered":"<p>Remera Lexy de manga corta con largo a la primera cadera y cuello tipo polo, que aporta un aire sporty chic. El logo bordado en la espalda suma un detalle de identidad sutil. De calce regular, es una prenda vers\u00e1til para el d\u00eda a d\u00eda.<\/p>\n<p>Composici\u00f3n: 94% Algod\u00f3n Pima 6% Elastano<\/p>\n<p>Referencia modelo Florencia: Altura 1,74 Talle: 1<\/p>\n","protected":false},"featured_media":106269,"template":"","meta":[],"product_brand":[480],"product_cat":[129],"product_tag":[112],"class_list":{"0":"post-106266","1":"product","2":"type-product","3":"status-publish","4":"has-post-thumbnail","6":"product_brand-jazmin-chebar","7":"product_cat-remeras","8":"product_tag-jazmin-chebar","10":"first","11":"instock","12":"shipping-taxable","13":"purchasable","14":"product-type-variable"},"_links":{"self":[{"href":"https:\/\/anacleta.com.ar\/es_es\/wp-json\/wp\/v2\/product\/106266","targetHints":{"allow":["GET"]}}],"collection":[{"href":"https:\/\/anacleta.com.ar\/es_es\/wp-json\/wp\/v2\/product"}],"about":[{"href":"https:\/\/anacleta.com.ar\/es_es\/wp-json\/wp\/v2\/types\/product"}],"wp:featuredmedia":[{"embeddable":true,"href":"https:\/\/anacleta.com.ar\/es_es\/wp-json\/wp\/v2\/media\/106269"}],"wp:attachment":[{"href":"https:\/\/anacleta.com.ar\/es_es\/wp-json\/wp\/v2\/media?parent=106266"}],"wp:term":[{"taxonomy":"product_brand","embeddable":true,"href":"https:\/\/anacleta.com.ar\/es_es\/wp-json\/wp\/v2\/product_brand?post=106266"},{"taxonomy":"product_cat","embeddable":true,"href":"https:\/\/anacleta.com.ar\/es_es\/wp-json\/wp\/v2\/product_cat?post=106266"},{"taxonomy":"product_tag","embeddable":true,"href":"https:\/\/anacleta.com.ar\/es_es\/wp-json\/wp\/v2\/product_tag?post=106266"}],"curies":[{"name":"wp","href":"https:\/\/api.w.org\/{rel}","templated":true}]}}