{"id":106319,"date":"2026-02-20T19:49:08","date_gmt":"2026-02-20T22:49:08","guid":{"rendered":"https:\/\/anacleta.com.ar\/?post_type=product&#038;p=106319"},"modified":"2026-02-20T19:49:08","modified_gmt":"2026-02-20T22:49:08","slug":"top-fire","status":"publish","type":"product","link":"https:\/\/anacleta.com.ar\/es_es\/producto\/top-fire\/","title":{"rendered":"Top Fire"},"content":{"rendered":"","protected":false},"excerpt":{"rendered":"<p>Top Fire remera de mangas largas confeccionada en tejido de punto con tacto suave y el\u00e1stico. Escote redondo a la base, estampa en el frente y logo bordado en la espalda como sello de identidad. Un b\u00e1sico renovado con actitud, ideal para el d\u00eda a d\u00eda.<\/p>\n<p>Composici\u00f3n: 46% Algod\u00f3n Pima 46% Modal 8% Elastano<\/p>\n<p>Referencia modelo Florencia: Altura 1,74 Talle: 1<\/p>\n","protected":false},"featured_media":106321,"template":"","meta":[],"product_brand":[480],"product_cat":[181],"product_tag":[112],"class_list":{"0":"post-106319","1":"product","2":"type-product","3":"status-publish","4":"has-post-thumbnail","6":"product_brand-jazmin-chebar","7":"product_cat-tops","8":"product_tag-jazmin-chebar","10":"first","11":"instock","12":"shipping-taxable","13":"purchasable","14":"product-type-variable"},"_links":{"self":[{"href":"https:\/\/anacleta.com.ar\/es_es\/wp-json\/wp\/v2\/product\/106319","targetHints":{"allow":["GET"]}}],"collection":[{"href":"https:\/\/anacleta.com.ar\/es_es\/wp-json\/wp\/v2\/product"}],"about":[{"href":"https:\/\/anacleta.com.ar\/es_es\/wp-json\/wp\/v2\/types\/product"}],"wp:featuredmedia":[{"embeddable":true,"href":"https:\/\/anacleta.com.ar\/es_es\/wp-json\/wp\/v2\/media\/106321"}],"wp:attachment":[{"href":"https:\/\/anacleta.com.ar\/es_es\/wp-json\/wp\/v2\/media?parent=106319"}],"wp:term":[{"taxonomy":"product_brand","embeddable":true,"href":"https:\/\/anacleta.com.ar\/es_es\/wp-json\/wp\/v2\/product_brand?post=106319"},{"taxonomy":"product_cat","embeddable":true,"href":"https:\/\/anacleta.com.ar\/es_es\/wp-json\/wp\/v2\/product_cat?post=106319"},{"taxonomy":"product_tag","embeddable":true,"href":"https:\/\/anacleta.com.ar\/es_es\/wp-json\/wp\/v2\/product_tag?post=106319"}],"curies":[{"name":"wp","href":"https:\/\/api.w.org\/{rel}","templated":true}]}}