{"id":106342,"date":"2026-02-20T20:00:44","date_gmt":"2026-02-20T23:00:44","guid":{"rendered":"https:\/\/anacleta.com.ar\/?post_type=product&#038;p=106342"},"modified":"2026-02-20T20:00:44","modified_gmt":"2026-02-20T23:00:44","slug":"babucha-andorra-2","status":"publish","type":"product","link":"https:\/\/anacleta.com.ar\/es_es\/producto\/babucha-andorra-2\/","title":{"rendered":"Babucha Andorra"},"content":{"rendered":"","protected":false},"excerpt":{"rendered":"<p>Babucha Andorra de tiro medio y cintura elastizada, con largo al tobillo. Confeccionada en combinaci\u00f3n de tejido de punto y plano para m\u00e1ximo confort. Lleva bolsillos diagonales al frente y bolsillos plaqu\u00e9 en la espalda, en una silueta relajada y vers\u00e1til.<\/p>\n<p>Composici\u00f3n: 98% Algod\u00f3n 2% Elastano<\/p>\n<p>Referencia modelo Florencia: Altura 1,74 Talle: 1<\/p>\n","protected":false},"featured_media":106344,"template":"","meta":[],"product_brand":[480],"product_cat":[134],"product_tag":[112],"class_list":{"0":"post-106342","1":"product","2":"type-product","3":"status-publish","4":"has-post-thumbnail","6":"product_brand-jazmin-chebar","7":"product_cat-pantalones","8":"product_tag-jazmin-chebar","10":"first","11":"instock","12":"shipping-taxable","13":"purchasable","14":"product-type-variable"},"_links":{"self":[{"href":"https:\/\/anacleta.com.ar\/es_es\/wp-json\/wp\/v2\/product\/106342","targetHints":{"allow":["GET"]}}],"collection":[{"href":"https:\/\/anacleta.com.ar\/es_es\/wp-json\/wp\/v2\/product"}],"about":[{"href":"https:\/\/anacleta.com.ar\/es_es\/wp-json\/wp\/v2\/types\/product"}],"wp:featuredmedia":[{"embeddable":true,"href":"https:\/\/anacleta.com.ar\/es_es\/wp-json\/wp\/v2\/media\/106344"}],"wp:attachment":[{"href":"https:\/\/anacleta.com.ar\/es_es\/wp-json\/wp\/v2\/media?parent=106342"}],"wp:term":[{"taxonomy":"product_brand","embeddable":true,"href":"https:\/\/anacleta.com.ar\/es_es\/wp-json\/wp\/v2\/product_brand?post=106342"},{"taxonomy":"product_cat","embeddable":true,"href":"https:\/\/anacleta.com.ar\/es_es\/wp-json\/wp\/v2\/product_cat?post=106342"},{"taxonomy":"product_tag","embeddable":true,"href":"https:\/\/anacleta.com.ar\/es_es\/wp-json\/wp\/v2\/product_tag?post=106342"}],"curies":[{"name":"wp","href":"https:\/\/api.w.org\/{rel}","templated":true}]}}