{"id":106377,"date":"2026-02-20T20:17:49","date_gmt":"2026-02-20T23:17:49","guid":{"rendered":"https:\/\/anacleta.com.ar\/?post_type=product&#038;p=106377"},"modified":"2026-03-09T11:05:52","modified_gmt":"2026-03-09T14:05:52","slug":"camisa-fire","status":"publish","type":"product","link":"https:\/\/anacleta.com.ar\/es_es\/producto\/camisa-fire\/","title":{"rendered":"Camisa Fire"},"content":{"rendered":"","protected":false},"excerpt":{"rendered":"<p>Camisa Fire de poplin en variantes off white y rayada celeste y blanca. Viene con cartera oculta con botones de pasta y el primero, un broche snap blanco. Incluye bordado en el frente y mangas, y detalle JCH bordado al tono en el canes\u00fa de espalda.<\/p>\n<p>Composici\u00f3n: 85% Poli\u00e9ster 15% Algod\u00f3n<\/p>\n<p>Referencia modelo Justina: Altura 1,78 Talle: 1<\/p>\n","protected":false},"featured_media":106380,"template":"","meta":[],"product_brand":[480],"product_cat":[184],"product_tag":[112],"class_list":{"0":"post-106377","1":"product","2":"type-product","3":"status-publish","4":"has-post-thumbnail","6":"product_brand-jazmin-chebar","7":"product_cat-camisas","8":"product_tag-jazmin-chebar","10":"first","11":"instock","12":"shipping-taxable","13":"purchasable","14":"product-type-variable"},"_links":{"self":[{"href":"https:\/\/anacleta.com.ar\/es_es\/wp-json\/wp\/v2\/product\/106377","targetHints":{"allow":["GET"]}}],"collection":[{"href":"https:\/\/anacleta.com.ar\/es_es\/wp-json\/wp\/v2\/product"}],"about":[{"href":"https:\/\/anacleta.com.ar\/es_es\/wp-json\/wp\/v2\/types\/product"}],"wp:featuredmedia":[{"embeddable":true,"href":"https:\/\/anacleta.com.ar\/es_es\/wp-json\/wp\/v2\/media\/106380"}],"wp:attachment":[{"href":"https:\/\/anacleta.com.ar\/es_es\/wp-json\/wp\/v2\/media?parent=106377"}],"wp:term":[{"taxonomy":"product_brand","embeddable":true,"href":"https:\/\/anacleta.com.ar\/es_es\/wp-json\/wp\/v2\/product_brand?post=106377"},{"taxonomy":"product_cat","embeddable":true,"href":"https:\/\/anacleta.com.ar\/es_es\/wp-json\/wp\/v2\/product_cat?post=106377"},{"taxonomy":"product_tag","embeddable":true,"href":"https:\/\/anacleta.com.ar\/es_es\/wp-json\/wp\/v2\/product_tag?post=106377"}],"curies":[{"name":"wp","href":"https:\/\/api.w.org\/{rel}","templated":true}]}}