{"id":106418,"date":"2026-02-21T11:58:24","date_gmt":"2026-02-21T14:58:24","guid":{"rendered":"https:\/\/anacleta.com.ar\/?post_type=product&#038;p=106418"},"modified":"2026-03-20T09:58:33","modified_gmt":"2026-03-20T12:58:33","slug":"billetera-ziggy","status":"publish","type":"product","link":"https:\/\/anacleta.com.ar\/es_es\/producto\/billetera-ziggy\/","title":{"rendered":"Billetera Ziggy"},"content":{"rendered":"","protected":false},"excerpt":{"rendered":"<p>Billetera Ziggy realizada en cuero vacuno con efecto gastado. El acceso es mediante torniquete met\u00e1lico tipo lipstick. En su interior cuenta con compartimentos para tarjetas. Compacta y funcional, con detalles que elevan su dise\u00f1o.<\/p>\n<p>Composici\u00f3n: Cuerpo: 100% cuero vacuno flor Forrer\u00eda: 100% poli\u00e9ster<\/p>\n<p>Medidas: Alto 11 cm x Ancho 14,5 cm<\/p>\n","protected":false},"featured_media":106419,"template":"","meta":[],"product_brand":[480],"product_cat":[128],"product_tag":[112],"class_list":{"0":"post-106418","1":"product","2":"type-product","3":"status-publish","4":"has-post-thumbnail","6":"product_brand-jazmin-chebar","7":"product_cat-accesorios","8":"product_tag-jazmin-chebar","10":"first","11":"outofstock","12":"shipping-taxable","13":"purchasable","14":"product-type-simple"},"_links":{"self":[{"href":"https:\/\/anacleta.com.ar\/es_es\/wp-json\/wp\/v2\/product\/106418","targetHints":{"allow":["GET"]}}],"collection":[{"href":"https:\/\/anacleta.com.ar\/es_es\/wp-json\/wp\/v2\/product"}],"about":[{"href":"https:\/\/anacleta.com.ar\/es_es\/wp-json\/wp\/v2\/types\/product"}],"wp:featuredmedia":[{"embeddable":true,"href":"https:\/\/anacleta.com.ar\/es_es\/wp-json\/wp\/v2\/media\/106419"}],"wp:attachment":[{"href":"https:\/\/anacleta.com.ar\/es_es\/wp-json\/wp\/v2\/media?parent=106418"}],"wp:term":[{"taxonomy":"product_brand","embeddable":true,"href":"https:\/\/anacleta.com.ar\/es_es\/wp-json\/wp\/v2\/product_brand?post=106418"},{"taxonomy":"product_cat","embeddable":true,"href":"https:\/\/anacleta.com.ar\/es_es\/wp-json\/wp\/v2\/product_cat?post=106418"},{"taxonomy":"product_tag","embeddable":true,"href":"https:\/\/anacleta.com.ar\/es_es\/wp-json\/wp\/v2\/product_tag?post=106418"}],"curies":[{"name":"wp","href":"https:\/\/api.w.org\/{rel}","templated":true}]}}