{"id":106525,"date":"2026-03-06T20:06:49","date_gmt":"2026-03-06T23:06:49","guid":{"rendered":"https:\/\/anacleta.com.ar\/?post_type=product&#038;p=106525"},"modified":"2026-03-09T18:27:02","modified_gmt":"2026-03-09T21:27:02","slug":"buzo-swan-2","status":"publish","type":"product","link":"https:\/\/anacleta.com.ar\/es_es\/producto\/buzo-swan-2\/","title":{"rendered":"Buzo Swan"},"content":{"rendered":"","protected":false},"excerpt":{"rendered":"<p>El Buzo Swan, de r\u00fastico de algod\u00f3n, es de calce over, manga larga con pu\u00f1os. Cuenta con capucha con cordones ajustables a tono. Lleva estampa posicional en frente y capucha. Esta prenda lleva un proceso de lavado artesanal que puede variar en cada una. Super canchero, perfecto para completar tu look diario.<br \/>\n<em>Referencia modelo: Altura 1,76 Talle 2<\/em><\/p>\n","protected":false},"featured_media":106529,"template":"","meta":[],"product_brand":[481],"product_cat":[150],"product_tag":[111],"class_list":{"0":"post-106525","1":"product","2":"type-product","3":"status-publish","4":"has-post-thumbnail","6":"product_brand-ginebra","7":"product_cat-buzos","8":"product_tag-ginebra","10":"first","11":"instock","12":"shipping-taxable","13":"purchasable","14":"product-type-variable"},"_links":{"self":[{"href":"https:\/\/anacleta.com.ar\/es_es\/wp-json\/wp\/v2\/product\/106525","targetHints":{"allow":["GET"]}}],"collection":[{"href":"https:\/\/anacleta.com.ar\/es_es\/wp-json\/wp\/v2\/product"}],"about":[{"href":"https:\/\/anacleta.com.ar\/es_es\/wp-json\/wp\/v2\/types\/product"}],"wp:featuredmedia":[{"embeddable":true,"href":"https:\/\/anacleta.com.ar\/es_es\/wp-json\/wp\/v2\/media\/106529"}],"wp:attachment":[{"href":"https:\/\/anacleta.com.ar\/es_es\/wp-json\/wp\/v2\/media?parent=106525"}],"wp:term":[{"taxonomy":"product_brand","embeddable":true,"href":"https:\/\/anacleta.com.ar\/es_es\/wp-json\/wp\/v2\/product_brand?post=106525"},{"taxonomy":"product_cat","embeddable":true,"href":"https:\/\/anacleta.com.ar\/es_es\/wp-json\/wp\/v2\/product_cat?post=106525"},{"taxonomy":"product_tag","embeddable":true,"href":"https:\/\/anacleta.com.ar\/es_es\/wp-json\/wp\/v2\/product_tag?post=106525"}],"curies":[{"name":"wp","href":"https:\/\/api.w.org\/{rel}","templated":true}]}}