{"id":106532,"date":"2026-03-06T20:09:57","date_gmt":"2026-03-06T23:09:57","guid":{"rendered":"https:\/\/anacleta.com.ar\/?post_type=product&#038;p=106532"},"modified":"2026-04-06T17:24:37","modified_gmt":"2026-04-06T20:24:37","slug":"campera-misuri","status":"publish","type":"product","link":"https:\/\/anacleta.com.ar\/es_es\/producto\/campera-misuri\/","title":{"rendered":"Campera Misuri"},"content":{"rendered":"","protected":false},"excerpt":{"rendered":"<p>La campera Misuri es una parka confeccionada en gabardina de algod\u00f3n con elastano. Fit oversize, largo hasta la primera cadera y hombros ca\u00eddos. Cuello alto y acceso a trav\u00e9s de cierre met\u00e1lico oculto. Posee dos bolsillos plaqu\u00e9 con tapa en el frente y en sus mangas. Como detalle identitario posee un bordado GNBR en el frente. Complet\u00e1 el look con el Pantal\u00f3n Misuri confeccionado en la misma tela. Ideal para tus looks diurnos. Es una prenda atemporal para usar todo el a\u00f1o. Importado.<\/p>\n","protected":false},"featured_media":106535,"template":"","meta":[],"product_brand":[481],"product_cat":[148],"product_tag":[111],"class_list":{"0":"post-106532","1":"product","2":"type-product","3":"status-publish","4":"has-post-thumbnail","6":"product_brand-ginebra","7":"product_cat-sacos-y-camperas","8":"product_tag-ginebra","10":"first","11":"outofstock","12":"shipping-taxable","13":"product-type-variable"},"_links":{"self":[{"href":"https:\/\/anacleta.com.ar\/es_es\/wp-json\/wp\/v2\/product\/106532","targetHints":{"allow":["GET"]}}],"collection":[{"href":"https:\/\/anacleta.com.ar\/es_es\/wp-json\/wp\/v2\/product"}],"about":[{"href":"https:\/\/anacleta.com.ar\/es_es\/wp-json\/wp\/v2\/types\/product"}],"wp:featuredmedia":[{"embeddable":true,"href":"https:\/\/anacleta.com.ar\/es_es\/wp-json\/wp\/v2\/media\/106535"}],"wp:attachment":[{"href":"https:\/\/anacleta.com.ar\/es_es\/wp-json\/wp\/v2\/media?parent=106532"}],"wp:term":[{"taxonomy":"product_brand","embeddable":true,"href":"https:\/\/anacleta.com.ar\/es_es\/wp-json\/wp\/v2\/product_brand?post=106532"},{"taxonomy":"product_cat","embeddable":true,"href":"https:\/\/anacleta.com.ar\/es_es\/wp-json\/wp\/v2\/product_cat?post=106532"},{"taxonomy":"product_tag","embeddable":true,"href":"https:\/\/anacleta.com.ar\/es_es\/wp-json\/wp\/v2\/product_tag?post=106532"}],"curies":[{"name":"wp","href":"https:\/\/api.w.org\/{rel}","templated":true}]}}