{"id":106603,"date":"2026-03-06T20:51:17","date_gmt":"2026-03-06T23:51:17","guid":{"rendered":"https:\/\/anacleta.com.ar\/?post_type=product&#038;p=106603"},"modified":"2026-04-02T11:16:48","modified_gmt":"2026-04-02T14:16:48","slug":"campera-cuero-roma","status":"publish","type":"product","link":"https:\/\/anacleta.com.ar\/es_es\/producto\/campera-cuero-roma\/","title":{"rendered":"Campera Cuero Roma"},"content":{"rendered":"","protected":false},"excerpt":{"rendered":"<p>Campera confeccionada en 100% cuero merino combinada. Incorpora punto Roma en bajo manga y costadillos, favoreciendo el movimiento y optimizando el ajuste al cuerpo. Presenta pinzas sobre el escote que definen la silueta y estructuran el dise\u00f1o. El acceso frontal se resuelve mediante cierre con tiracierre grande color n\u00edquel Ginebra Mujer, aportando car\u00e1cter y presencia. Cuenta con bolsillos escondidos sobre recortes delanteros, integrados de manera funcional y discreta.<br \/>\n<em>Referencia modelo: Altura 1,74 Talle 1<\/em><\/p>\n","protected":false},"featured_media":106609,"template":"","meta":[],"product_brand":[481],"product_cat":[148],"product_tag":[111],"class_list":{"0":"post-106603","1":"product","2":"type-product","3":"status-publish","4":"has-post-thumbnail","6":"product_brand-ginebra","7":"product_cat-sacos-y-camperas","8":"product_tag-ginebra","10":"first","11":"instock","12":"shipping-taxable","13":"purchasable","14":"product-type-variable"},"_links":{"self":[{"href":"https:\/\/anacleta.com.ar\/es_es\/wp-json\/wp\/v2\/product\/106603","targetHints":{"allow":["GET"]}}],"collection":[{"href":"https:\/\/anacleta.com.ar\/es_es\/wp-json\/wp\/v2\/product"}],"about":[{"href":"https:\/\/anacleta.com.ar\/es_es\/wp-json\/wp\/v2\/types\/product"}],"wp:featuredmedia":[{"embeddable":true,"href":"https:\/\/anacleta.com.ar\/es_es\/wp-json\/wp\/v2\/media\/106609"}],"wp:attachment":[{"href":"https:\/\/anacleta.com.ar\/es_es\/wp-json\/wp\/v2\/media?parent=106603"}],"wp:term":[{"taxonomy":"product_brand","embeddable":true,"href":"https:\/\/anacleta.com.ar\/es_es\/wp-json\/wp\/v2\/product_brand?post=106603"},{"taxonomy":"product_cat","embeddable":true,"href":"https:\/\/anacleta.com.ar\/es_es\/wp-json\/wp\/v2\/product_cat?post=106603"},{"taxonomy":"product_tag","embeddable":true,"href":"https:\/\/anacleta.com.ar\/es_es\/wp-json\/wp\/v2\/product_tag?post=106603"}],"curies":[{"name":"wp","href":"https:\/\/api.w.org\/{rel}","templated":true}]}}