{"id":106610,"date":"2026-03-06T20:58:17","date_gmt":"2026-03-06T23:58:17","guid":{"rendered":"https:\/\/anacleta.com.ar\/?post_type=product&#038;p=106610"},"modified":"2026-04-11T20:15:14","modified_gmt":"2026-04-11T23:15:14","slug":"campera-cuero-frida","status":"publish","type":"product","link":"https:\/\/anacleta.com.ar\/es_es\/producto\/campera-cuero-frida\/","title":{"rendered":"Campera Cuero Frida"},"content":{"rendered":"","protected":false},"excerpt":{"rendered":"<p>La campera Frida es una prenda confeccionada en cuero ovino. La prenda es importada. Tiene una silueta y calce slim fit, al cuerpo. Su acceso es cruzado a trav\u00e9s de un cierre met\u00e1lico con tiracierre personalizado. Posee varios recortes tanto en el frente como en la espalda para acompa\u00f1ar la silueta y entallar, adem\u00e1s de tres bolsillos en su delantero y en las mangas. Est\u00e1 forrada en acetato personalizado con logo Ginebra. Como detalle diferencial, la prenda tiene un gastado hecho artesanalmente prenda por prenda aport\u00e1ndole un detalle \u00fanico.<br \/>\n<em>Referencia modelo: Altura 1,76 Talle 2<\/em><\/p>\n","protected":false},"featured_media":106612,"template":"","meta":[],"product_brand":[481],"product_cat":[148],"product_tag":[111],"class_list":{"0":"post-106610","1":"product","2":"type-product","3":"status-publish","4":"has-post-thumbnail","6":"product_brand-ginebra","7":"product_cat-sacos-y-camperas","8":"product_tag-ginebra","10":"first","11":"outofstock","12":"shipping-taxable","13":"product-type-variable"},"_links":{"self":[{"href":"https:\/\/anacleta.com.ar\/es_es\/wp-json\/wp\/v2\/product\/106610","targetHints":{"allow":["GET"]}}],"collection":[{"href":"https:\/\/anacleta.com.ar\/es_es\/wp-json\/wp\/v2\/product"}],"about":[{"href":"https:\/\/anacleta.com.ar\/es_es\/wp-json\/wp\/v2\/types\/product"}],"wp:featuredmedia":[{"embeddable":true,"href":"https:\/\/anacleta.com.ar\/es_es\/wp-json\/wp\/v2\/media\/106612"}],"wp:attachment":[{"href":"https:\/\/anacleta.com.ar\/es_es\/wp-json\/wp\/v2\/media?parent=106610"}],"wp:term":[{"taxonomy":"product_brand","embeddable":true,"href":"https:\/\/anacleta.com.ar\/es_es\/wp-json\/wp\/v2\/product_brand?post=106610"},{"taxonomy":"product_cat","embeddable":true,"href":"https:\/\/anacleta.com.ar\/es_es\/wp-json\/wp\/v2\/product_cat?post=106610"},{"taxonomy":"product_tag","embeddable":true,"href":"https:\/\/anacleta.com.ar\/es_es\/wp-json\/wp\/v2\/product_tag?post=106610"}],"curies":[{"name":"wp","href":"https:\/\/api.w.org\/{rel}","templated":true}]}}