{"id":106652,"date":"2026-03-07T10:09:53","date_gmt":"2026-03-07T13:09:53","guid":{"rendered":"https:\/\/anacleta.com.ar\/?post_type=product&#038;p=106652"},"modified":"2026-03-28T10:48:50","modified_gmt":"2026-03-28T13:48:50","slug":"jean-new-virginia","status":"publish","type":"product","link":"https:\/\/anacleta.com.ar\/es_es\/producto\/jean-new-virginia\/","title":{"rendered":"Jean New Virginia"},"content":{"rendered":"","protected":false},"excerpt":{"rendered":"<p>El jean New Virginia es un jean realizado en denim 100% algod\u00f3n de calce MOM. Sus bordes de botamanga est\u00e1n desflecados, generando un efecto descontracturado. En la cintura delantera cuenta con un bordado de texto en ingl\u00e9s con hilo gris. Lleva av\u00edos marcarios negros.<br \/>\n<em>Referencia modelo: Altura 1,76 Talle 26<\/em><\/p>\n","protected":false},"featured_media":106658,"template":"","meta":[],"product_brand":[481],"product_cat":[126,134],"product_tag":[111],"class_list":{"0":"post-106652","1":"product","2":"type-product","3":"status-publish","4":"has-post-thumbnail","6":"product_brand-ginebra","7":"product_cat-denim","8":"product_cat-pantalones","9":"product_tag-ginebra","11":"first","12":"instock","13":"shipping-taxable","14":"purchasable","15":"product-type-variable"},"_links":{"self":[{"href":"https:\/\/anacleta.com.ar\/es_es\/wp-json\/wp\/v2\/product\/106652","targetHints":{"allow":["GET"]}}],"collection":[{"href":"https:\/\/anacleta.com.ar\/es_es\/wp-json\/wp\/v2\/product"}],"about":[{"href":"https:\/\/anacleta.com.ar\/es_es\/wp-json\/wp\/v2\/types\/product"}],"wp:featuredmedia":[{"embeddable":true,"href":"https:\/\/anacleta.com.ar\/es_es\/wp-json\/wp\/v2\/media\/106658"}],"wp:attachment":[{"href":"https:\/\/anacleta.com.ar\/es_es\/wp-json\/wp\/v2\/media?parent=106652"}],"wp:term":[{"taxonomy":"product_brand","embeddable":true,"href":"https:\/\/anacleta.com.ar\/es_es\/wp-json\/wp\/v2\/product_brand?post=106652"},{"taxonomy":"product_cat","embeddable":true,"href":"https:\/\/anacleta.com.ar\/es_es\/wp-json\/wp\/v2\/product_cat?post=106652"},{"taxonomy":"product_tag","embeddable":true,"href":"https:\/\/anacleta.com.ar\/es_es\/wp-json\/wp\/v2\/product_tag?post=106652"}],"curies":[{"name":"wp","href":"https:\/\/api.w.org\/{rel}","templated":true}]}}