{"id":106705,"date":"2026-03-07T11:20:24","date_gmt":"2026-03-07T14:20:24","guid":{"rendered":"https:\/\/anacleta.com.ar\/?post_type=product&#038;p=106705"},"modified":"2026-03-07T11:20:24","modified_gmt":"2026-03-07T14:20:24","slug":"pantalon-guadalajara-2","status":"publish","type":"product","link":"https:\/\/anacleta.com.ar\/es_es\/producto\/pantalon-guadalajara-2\/","title":{"rendered":"Pantalon Guadalajara"},"content":{"rendered":"","protected":false},"excerpt":{"rendered":"<p>Pantal\u00f3n de gabardina de algod\u00f3n diferenciada cargo con bolsillos plaqu\u00e9 tridimensionales. Posee chapita met\u00e1lica marcaria. La tela diferenciada pasa por un proceso de rotura intencional y bordado de lentejuelas, lo cual le da un look canchero pero arreglado con un brillo diferencial . Ideal para ocasiones nocturnas informales o uso diurno. Podes completar el conjunto con la Campera Guadalajara para un total look!<br \/>\n<em>Referencia modelo: Altura 1,77 Talle 2<\/em><\/p>\n","protected":false},"featured_media":106708,"template":"","meta":[],"product_brand":[481],"product_cat":[134],"product_tag":[111],"class_list":{"0":"post-106705","1":"product","2":"type-product","3":"status-publish","4":"has-post-thumbnail","6":"product_brand-ginebra","7":"product_cat-pantalones","8":"product_tag-ginebra","10":"first","11":"instock","12":"shipping-taxable","13":"purchasable","14":"product-type-variable"},"_links":{"self":[{"href":"https:\/\/anacleta.com.ar\/es_es\/wp-json\/wp\/v2\/product\/106705","targetHints":{"allow":["GET"]}}],"collection":[{"href":"https:\/\/anacleta.com.ar\/es_es\/wp-json\/wp\/v2\/product"}],"about":[{"href":"https:\/\/anacleta.com.ar\/es_es\/wp-json\/wp\/v2\/types\/product"}],"wp:featuredmedia":[{"embeddable":true,"href":"https:\/\/anacleta.com.ar\/es_es\/wp-json\/wp\/v2\/media\/106708"}],"wp:attachment":[{"href":"https:\/\/anacleta.com.ar\/es_es\/wp-json\/wp\/v2\/media?parent=106705"}],"wp:term":[{"taxonomy":"product_brand","embeddable":true,"href":"https:\/\/anacleta.com.ar\/es_es\/wp-json\/wp\/v2\/product_brand?post=106705"},{"taxonomy":"product_cat","embeddable":true,"href":"https:\/\/anacleta.com.ar\/es_es\/wp-json\/wp\/v2\/product_cat?post=106705"},{"taxonomy":"product_tag","embeddable":true,"href":"https:\/\/anacleta.com.ar\/es_es\/wp-json\/wp\/v2\/product_tag?post=106705"}],"curies":[{"name":"wp","href":"https:\/\/api.w.org\/{rel}","templated":true}]}}