{"id":106712,"date":"2026-03-07T11:22:20","date_gmt":"2026-03-07T14:22:20","guid":{"rendered":"https:\/\/anacleta.com.ar\/?post_type=product&#038;p=106712"},"modified":"2026-03-27T10:02:07","modified_gmt":"2026-03-27T13:02:07","slug":"pantalon-misuri","status":"publish","type":"product","link":"https:\/\/anacleta.com.ar\/es_es\/producto\/pantalon-misuri\/","title":{"rendered":"Pantalon Misuri"},"content":{"rendered":"","protected":false},"excerpt":{"rendered":"<p>Pantal\u00f3n de gabardina de algod\u00f3n con elastano cargo con bolsillos plaqu\u00e9 tridimensionales. Posee bordado de logo en tapa de bolsillo. Ideal para ocasiones nocturnas informales o uso diurno. La tela posee elastano, lo que lo hace un pantal\u00f3n ideal para ajustarse a tu rutina . Se recomienda usar con la Remera Hotfix para un look diurno arreglado o con el Body Mil\u00e1n para una ocasi\u00f3n de uso noche.<\/p>\n","protected":false},"featured_media":106714,"template":"","meta":[],"product_brand":[481],"product_cat":[134],"product_tag":[111],"class_list":{"0":"post-106712","1":"product","2":"type-product","3":"status-publish","4":"has-post-thumbnail","6":"product_brand-ginebra","7":"product_cat-pantalones","8":"product_tag-ginebra","10":"first","11":"outofstock","12":"shipping-taxable","13":"product-type-variable"},"_links":{"self":[{"href":"https:\/\/anacleta.com.ar\/es_es\/wp-json\/wp\/v2\/product\/106712","targetHints":{"allow":["GET"]}}],"collection":[{"href":"https:\/\/anacleta.com.ar\/es_es\/wp-json\/wp\/v2\/product"}],"about":[{"href":"https:\/\/anacleta.com.ar\/es_es\/wp-json\/wp\/v2\/types\/product"}],"wp:featuredmedia":[{"embeddable":true,"href":"https:\/\/anacleta.com.ar\/es_es\/wp-json\/wp\/v2\/media\/106714"}],"wp:attachment":[{"href":"https:\/\/anacleta.com.ar\/es_es\/wp-json\/wp\/v2\/media?parent=106712"}],"wp:term":[{"taxonomy":"product_brand","embeddable":true,"href":"https:\/\/anacleta.com.ar\/es_es\/wp-json\/wp\/v2\/product_brand?post=106712"},{"taxonomy":"product_cat","embeddable":true,"href":"https:\/\/anacleta.com.ar\/es_es\/wp-json\/wp\/v2\/product_cat?post=106712"},{"taxonomy":"product_tag","embeddable":true,"href":"https:\/\/anacleta.com.ar\/es_es\/wp-json\/wp\/v2\/product_tag?post=106712"}],"curies":[{"name":"wp","href":"https:\/\/api.w.org\/{rel}","templated":true}]}}