{"id":106753,"date":"2026-03-07T12:52:20","date_gmt":"2026-03-07T15:52:20","guid":{"rendered":"https:\/\/anacleta.com.ar\/?post_type=product&#038;p=106753"},"modified":"2026-05-02T11:27:58","modified_gmt":"2026-05-02T14:27:58","slug":"remera-basica-ml-3","status":"publish","type":"product","link":"https:\/\/anacleta.com.ar\/es_es\/producto\/remera-basica-ml-3\/","title":{"rendered":"Remera Basica ML"},"content":{"rendered":"","protected":false},"excerpt":{"rendered":"<p>La Remera Basica ML, de jersey interlock de algod\u00f3n pima peruano, es de calce cl\u00e1sico, con escote a la base y manga larga. Presenta bordado marcario a tono en frente de prenda. El cl\u00e1sico perfecto para combinar con todas tus prendas esta temporada.<br \/>\n<em>Referencia modelo: Altura 1,74 Talle 2<\/em><\/p>\n","protected":false},"featured_media":106757,"template":"","meta":[],"product_brand":[481],"product_cat":[129],"product_tag":[111],"class_list":{"0":"post-106753","1":"product","2":"type-product","3":"status-publish","4":"has-post-thumbnail","6":"product_brand-ginebra","7":"product_cat-remeras","8":"product_tag-ginebra","10":"first","11":"instock","12":"shipping-taxable","13":"purchasable","14":"product-type-variable"},"_links":{"self":[{"href":"https:\/\/anacleta.com.ar\/es_es\/wp-json\/wp\/v2\/product\/106753","targetHints":{"allow":["GET"]}}],"collection":[{"href":"https:\/\/anacleta.com.ar\/es_es\/wp-json\/wp\/v2\/product"}],"about":[{"href":"https:\/\/anacleta.com.ar\/es_es\/wp-json\/wp\/v2\/types\/product"}],"wp:featuredmedia":[{"embeddable":true,"href":"https:\/\/anacleta.com.ar\/es_es\/wp-json\/wp\/v2\/media\/106757"}],"wp:attachment":[{"href":"https:\/\/anacleta.com.ar\/es_es\/wp-json\/wp\/v2\/media?parent=106753"}],"wp:term":[{"taxonomy":"product_brand","embeddable":true,"href":"https:\/\/anacleta.com.ar\/es_es\/wp-json\/wp\/v2\/product_brand?post=106753"},{"taxonomy":"product_cat","embeddable":true,"href":"https:\/\/anacleta.com.ar\/es_es\/wp-json\/wp\/v2\/product_cat?post=106753"},{"taxonomy":"product_tag","embeddable":true,"href":"https:\/\/anacleta.com.ar\/es_es\/wp-json\/wp\/v2\/product_tag?post=106753"}],"curies":[{"name":"wp","href":"https:\/\/api.w.org\/{rel}","templated":true}]}}