{"id":106831,"date":"2026-03-07T13:48:03","date_gmt":"2026-03-07T16:48:03","guid":{"rendered":"https:\/\/anacleta.com.ar\/?post_type=product&#038;p=106831"},"modified":"2026-03-07T13:48:03","modified_gmt":"2026-03-07T16:48:03","slug":"chaqueta-air","status":"publish","type":"product","link":"https:\/\/anacleta.com.ar\/es_es\/producto\/chaqueta-air\/","title":{"rendered":"Chaqueta Air"},"content":{"rendered":"","protected":false},"excerpt":{"rendered":"<p>Chaqueta Air confeccionada en gabardina combinada con cuero en cuello y cartera. Presenta broches a tono de cuero en cartera y pu\u00f1os, bolsillos plaqu\u00e9 y sastreros en el delantero. Lleva volados de denim que aportan un toque original al dise\u00f1o.<\/p>\n<p>Composici\u00f3n: 100% Algod\u00f3n<\/p>\n<p>Referencia modelo Helena: Altura 1,72 Talle: 1<\/p>\n","protected":false},"featured_media":106834,"template":"","meta":[],"product_brand":[480],"product_cat":[148],"product_tag":[112],"class_list":{"0":"post-106831","1":"product","2":"type-product","3":"status-publish","4":"has-post-thumbnail","6":"product_brand-jazmin-chebar","7":"product_cat-sacos-y-camperas","8":"product_tag-jazmin-chebar","10":"first","11":"instock","12":"shipping-taxable","13":"purchasable","14":"product-type-variable"},"_links":{"self":[{"href":"https:\/\/anacleta.com.ar\/es_es\/wp-json\/wp\/v2\/product\/106831","targetHints":{"allow":["GET"]}}],"collection":[{"href":"https:\/\/anacleta.com.ar\/es_es\/wp-json\/wp\/v2\/product"}],"about":[{"href":"https:\/\/anacleta.com.ar\/es_es\/wp-json\/wp\/v2\/types\/product"}],"wp:featuredmedia":[{"embeddable":true,"href":"https:\/\/anacleta.com.ar\/es_es\/wp-json\/wp\/v2\/media\/106834"}],"wp:attachment":[{"href":"https:\/\/anacleta.com.ar\/es_es\/wp-json\/wp\/v2\/media?parent=106831"}],"wp:term":[{"taxonomy":"product_brand","embeddable":true,"href":"https:\/\/anacleta.com.ar\/es_es\/wp-json\/wp\/v2\/product_brand?post=106831"},{"taxonomy":"product_cat","embeddable":true,"href":"https:\/\/anacleta.com.ar\/es_es\/wp-json\/wp\/v2\/product_cat?post=106831"},{"taxonomy":"product_tag","embeddable":true,"href":"https:\/\/anacleta.com.ar\/es_es\/wp-json\/wp\/v2\/product_tag?post=106831"}],"curies":[{"name":"wp","href":"https:\/\/api.w.org\/{rel}","templated":true}]}}