{"id":106913,"date":"2026-03-09T10:21:08","date_gmt":"2026-03-09T13:21:08","guid":{"rendered":"https:\/\/anacleta.com.ar\/?post_type=product&#038;p=106913"},"modified":"2026-03-09T10:21:08","modified_gmt":"2026-03-09T13:21:08","slug":"buzo-mora","status":"publish","type":"product","link":"https:\/\/anacleta.com.ar\/es_es\/producto\/buzo-mora\/","title":{"rendered":"Buzo Mora"},"content":{"rendered":"","protected":false},"excerpt":{"rendered":"<p>Buzo Mora oversize, con largo a la cadera y cuello redondo. Lleva una estampa en el delantero que combina distintas t\u00e9cnicas. En la espalda, justo en el centro del escote, incluye un bordado.<\/p>\n<p>Composici\u00f3n: 63% Algod\u00f3n 37% Poli\u00e9ster<\/p>\n<p>Referencia modelo Helena: Altura 1,72 Talle: 1<\/p>\n","protected":false},"featured_media":106917,"template":"","meta":[],"product_brand":[480],"product_cat":[150],"product_tag":[112],"class_list":{"0":"post-106913","1":"product","2":"type-product","3":"status-publish","4":"has-post-thumbnail","6":"product_brand-jazmin-chebar","7":"product_cat-buzos","8":"product_tag-jazmin-chebar","10":"first","11":"instock","12":"shipping-taxable","13":"purchasable","14":"product-type-variable"},"_links":{"self":[{"href":"https:\/\/anacleta.com.ar\/es_es\/wp-json\/wp\/v2\/product\/106913","targetHints":{"allow":["GET"]}}],"collection":[{"href":"https:\/\/anacleta.com.ar\/es_es\/wp-json\/wp\/v2\/product"}],"about":[{"href":"https:\/\/anacleta.com.ar\/es_es\/wp-json\/wp\/v2\/types\/product"}],"wp:featuredmedia":[{"embeddable":true,"href":"https:\/\/anacleta.com.ar\/es_es\/wp-json\/wp\/v2\/media\/106917"}],"wp:attachment":[{"href":"https:\/\/anacleta.com.ar\/es_es\/wp-json\/wp\/v2\/media?parent=106913"}],"wp:term":[{"taxonomy":"product_brand","embeddable":true,"href":"https:\/\/anacleta.com.ar\/es_es\/wp-json\/wp\/v2\/product_brand?post=106913"},{"taxonomy":"product_cat","embeddable":true,"href":"https:\/\/anacleta.com.ar\/es_es\/wp-json\/wp\/v2\/product_cat?post=106913"},{"taxonomy":"product_tag","embeddable":true,"href":"https:\/\/anacleta.com.ar\/es_es\/wp-json\/wp\/v2\/product_tag?post=106913"}],"curies":[{"name":"wp","href":"https:\/\/api.w.org\/{rel}","templated":true}]}}