{"id":106989,"date":"2026-03-09T11:10:01","date_gmt":"2026-03-09T14:10:01","guid":{"rendered":"https:\/\/anacleta.com.ar\/?post_type=product&#038;p=106989"},"modified":"2026-03-31T11:50:23","modified_gmt":"2026-03-31T14:50:23","slug":"camisa-blair","status":"publish","type":"product","link":"https:\/\/anacleta.com.ar\/es_es\/producto\/camisa-blair\/","title":{"rendered":"Camisa Blair"},"content":{"rendered":"","protected":false},"excerpt":{"rendered":"<p>Camisa Blair confeccionada en poplin con lycra, de mangas largas y largo modular cropped. Presenta cartera mixta con tres botones dorados visibles de diferentes morfolog\u00edas, que contrastan con los botones de pasta te\u00f1idos a tono que permanecen ocultos. Trae pu\u00f1os altos con doble bot\u00f3n.<\/p>\n<p>Composici\u00f3n: 74% Algod\u00f3n 21% Poli\u00e9ster 5% Elastano<\/p>\n<p>Referencia modelo Justina: Altura 1,78 Talle: 1<\/p>\n","protected":false},"featured_media":106993,"template":"","meta":[],"product_brand":[480],"product_cat":[184],"product_tag":[112],"class_list":{"0":"post-106989","1":"product","2":"type-product","3":"status-publish","4":"has-post-thumbnail","6":"product_brand-jazmin-chebar","7":"product_cat-camisas","8":"product_tag-jazmin-chebar","10":"first","11":"outofstock","12":"shipping-taxable","13":"product-type-variable"},"_links":{"self":[{"href":"https:\/\/anacleta.com.ar\/es_es\/wp-json\/wp\/v2\/product\/106989","targetHints":{"allow":["GET"]}}],"collection":[{"href":"https:\/\/anacleta.com.ar\/es_es\/wp-json\/wp\/v2\/product"}],"about":[{"href":"https:\/\/anacleta.com.ar\/es_es\/wp-json\/wp\/v2\/types\/product"}],"wp:featuredmedia":[{"embeddable":true,"href":"https:\/\/anacleta.com.ar\/es_es\/wp-json\/wp\/v2\/media\/106993"}],"wp:attachment":[{"href":"https:\/\/anacleta.com.ar\/es_es\/wp-json\/wp\/v2\/media?parent=106989"}],"wp:term":[{"taxonomy":"product_brand","embeddable":true,"href":"https:\/\/anacleta.com.ar\/es_es\/wp-json\/wp\/v2\/product_brand?post=106989"},{"taxonomy":"product_cat","embeddable":true,"href":"https:\/\/anacleta.com.ar\/es_es\/wp-json\/wp\/v2\/product_cat?post=106989"},{"taxonomy":"product_tag","embeddable":true,"href":"https:\/\/anacleta.com.ar\/es_es\/wp-json\/wp\/v2\/product_tag?post=106989"}],"curies":[{"name":"wp","href":"https:\/\/api.w.org\/{rel}","templated":true}]}}