{"id":107043,"date":"2026-03-09T17:21:58","date_gmt":"2026-03-09T20:21:58","guid":{"rendered":"https:\/\/anacleta.com.ar\/?post_type=product&#038;p=107043"},"modified":"2026-04-24T12:46:48","modified_gmt":"2026-04-24T15:46:48","slug":"saco-kiss","status":"publish","type":"product","link":"https:\/\/anacleta.com.ar\/es_es\/producto\/saco-kiss\/","title":{"rendered":"Saco Kiss"},"content":{"rendered":"","protected":false},"excerpt":{"rendered":"<p>Saco Kiss cardigan corto tejido en jacquard con dise\u00f1o gr\u00e1fico sutil. De largo por arriba de la cadera y acceso solapado mediante botones al frente, combina funcionalidad y estilo en una silueta cl\u00e1sica con aire renovado. Ideal para completar looks con un toque distintivo.<\/p>\n<p>Composici\u00f3n: 54% Poli\u00e9ster 20% Acr\u00edlico 20% Poliamida 6% Lana<\/p>\n<p>Referencia modelo Justina: Altura 1,78 Talle: 1<\/p>\n","protected":false},"featured_media":107046,"template":"","meta":[],"product_brand":[480],"product_cat":[146],"product_tag":[112],"class_list":{"0":"post-107043","1":"product","2":"type-product","3":"status-publish","4":"has-post-thumbnail","6":"product_brand-jazmin-chebar","7":"product_cat-sweaters","8":"product_tag-jazmin-chebar","10":"first","11":"instock","12":"shipping-taxable","13":"purchasable","14":"product-type-variable"},"_links":{"self":[{"href":"https:\/\/anacleta.com.ar\/es_es\/wp-json\/wp\/v2\/product\/107043","targetHints":{"allow":["GET"]}}],"collection":[{"href":"https:\/\/anacleta.com.ar\/es_es\/wp-json\/wp\/v2\/product"}],"about":[{"href":"https:\/\/anacleta.com.ar\/es_es\/wp-json\/wp\/v2\/types\/product"}],"wp:featuredmedia":[{"embeddable":true,"href":"https:\/\/anacleta.com.ar\/es_es\/wp-json\/wp\/v2\/media\/107046"}],"wp:attachment":[{"href":"https:\/\/anacleta.com.ar\/es_es\/wp-json\/wp\/v2\/media?parent=107043"}],"wp:term":[{"taxonomy":"product_brand","embeddable":true,"href":"https:\/\/anacleta.com.ar\/es_es\/wp-json\/wp\/v2\/product_brand?post=107043"},{"taxonomy":"product_cat","embeddable":true,"href":"https:\/\/anacleta.com.ar\/es_es\/wp-json\/wp\/v2\/product_cat?post=107043"},{"taxonomy":"product_tag","embeddable":true,"href":"https:\/\/anacleta.com.ar\/es_es\/wp-json\/wp\/v2\/product_tag?post=107043"}],"curies":[{"name":"wp","href":"https:\/\/api.w.org\/{rel}","templated":true}]}}