{"id":107063,"date":"2026-03-09T17:34:37","date_gmt":"2026-03-09T20:34:37","guid":{"rendered":"https:\/\/anacleta.com.ar\/?post_type=product&#038;p=107063"},"modified":"2026-03-09T17:34:37","modified_gmt":"2026-03-09T20:34:37","slug":"billetera-lady-bug-small","status":"publish","type":"product","link":"https:\/\/anacleta.com.ar\/es_es\/producto\/billetera-lady-bug-small\/","title":{"rendered":"Billetera Lady Bug Small"},"content":{"rendered":"","protected":false},"excerpt":{"rendered":"<p>Billetera Lady Bug Small confeccionada en cuero vacuno flor liso con aplique Lady Bug en el frente. En su interior incluye espacio para tarjetas y bolsillo con cierre met\u00e1lico, combinando funcionalidad y dise\u00f1o en un formato compacto.<\/p>\n<p>Composici\u00f3n: Cuerpo: 100% Cuero vacuno flor Forrer\u00eda: 100% Poli\u00e9ster<\/p>\n<p>Medidas: Alto 10 cm x Ancho 14 cm<\/p>\n","protected":false},"featured_media":107066,"template":"","meta":[],"product_brand":[480],"product_cat":[128],"product_tag":[112],"class_list":{"0":"post-107063","1":"product","2":"type-product","3":"status-publish","4":"has-post-thumbnail","6":"product_brand-jazmin-chebar","7":"product_cat-accesorios","8":"product_tag-jazmin-chebar","10":"first","11":"instock","12":"shipping-taxable","13":"purchasable","14":"product-type-simple"},"_links":{"self":[{"href":"https:\/\/anacleta.com.ar\/es_es\/wp-json\/wp\/v2\/product\/107063","targetHints":{"allow":["GET"]}}],"collection":[{"href":"https:\/\/anacleta.com.ar\/es_es\/wp-json\/wp\/v2\/product"}],"about":[{"href":"https:\/\/anacleta.com.ar\/es_es\/wp-json\/wp\/v2\/types\/product"}],"wp:featuredmedia":[{"embeddable":true,"href":"https:\/\/anacleta.com.ar\/es_es\/wp-json\/wp\/v2\/media\/107066"}],"wp:attachment":[{"href":"https:\/\/anacleta.com.ar\/es_es\/wp-json\/wp\/v2\/media?parent=107063"}],"wp:term":[{"taxonomy":"product_brand","embeddable":true,"href":"https:\/\/anacleta.com.ar\/es_es\/wp-json\/wp\/v2\/product_brand?post=107063"},{"taxonomy":"product_cat","embeddable":true,"href":"https:\/\/anacleta.com.ar\/es_es\/wp-json\/wp\/v2\/product_cat?post=107063"},{"taxonomy":"product_tag","embeddable":true,"href":"https:\/\/anacleta.com.ar\/es_es\/wp-json\/wp\/v2\/product_tag?post=107063"}],"curies":[{"name":"wp","href":"https:\/\/api.w.org\/{rel}","templated":true}]}}