{"id":107071,"date":"2026-03-09T17:40:18","date_gmt":"2026-03-09T20:40:18","guid":{"rendered":"https:\/\/anacleta.com.ar\/?post_type=product&#038;p=107071"},"modified":"2026-04-15T09:57:29","modified_gmt":"2026-04-15T12:57:29","slug":"choker-cherry-fire","status":"publish","type":"product","link":"https:\/\/anacleta.com.ar\/es_es\/producto\/choker-cherry-fire\/","title":{"rendered":"Choker Cherry Fire"},"content":{"rendered":"","protected":false},"excerpt":{"rendered":"<p>Choker Cherry Fire confeccionado en cord\u00f3n de descarne regulable, con charm met\u00e1lico Cherry Fire como detalle central. Permite ajustar el largo seg\u00fan el estilo que se quiera lograr.<\/p>\n<p>Composici\u00f3n: 90% PU 10% Acero inoxidable<\/p>\n<p>Medidas: Largo 1,60 mts<\/p>\n","protected":false},"featured_media":107072,"template":"","meta":[],"product_brand":[480],"product_cat":[128],"product_tag":[112],"class_list":{"0":"post-107071","1":"product","2":"type-product","3":"status-publish","4":"has-post-thumbnail","6":"product_brand-jazmin-chebar","7":"product_cat-accesorios","8":"product_tag-jazmin-chebar","10":"first","11":"outofstock","12":"shipping-taxable","13":"purchasable","14":"product-type-simple"},"_links":{"self":[{"href":"https:\/\/anacleta.com.ar\/es_es\/wp-json\/wp\/v2\/product\/107071","targetHints":{"allow":["GET"]}}],"collection":[{"href":"https:\/\/anacleta.com.ar\/es_es\/wp-json\/wp\/v2\/product"}],"about":[{"href":"https:\/\/anacleta.com.ar\/es_es\/wp-json\/wp\/v2\/types\/product"}],"wp:featuredmedia":[{"embeddable":true,"href":"https:\/\/anacleta.com.ar\/es_es\/wp-json\/wp\/v2\/media\/107072"}],"wp:attachment":[{"href":"https:\/\/anacleta.com.ar\/es_es\/wp-json\/wp\/v2\/media?parent=107071"}],"wp:term":[{"taxonomy":"product_brand","embeddable":true,"href":"https:\/\/anacleta.com.ar\/es_es\/wp-json\/wp\/v2\/product_brand?post=107071"},{"taxonomy":"product_cat","embeddable":true,"href":"https:\/\/anacleta.com.ar\/es_es\/wp-json\/wp\/v2\/product_cat?post=107071"},{"taxonomy":"product_tag","embeddable":true,"href":"https:\/\/anacleta.com.ar\/es_es\/wp-json\/wp\/v2\/product_tag?post=107071"}],"curies":[{"name":"wp","href":"https:\/\/api.w.org\/{rel}","templated":true}]}}