{"id":107105,"date":"2026-03-09T19:37:07","date_gmt":"2026-03-09T22:37:07","guid":{"rendered":"https:\/\/anacleta.com.ar\/?post_type=product&#038;p=107105"},"modified":"2026-04-23T10:28:38","modified_gmt":"2026-04-23T13:28:38","slug":"jeans-barrel-basic-smoke","status":"publish","type":"product","link":"https:\/\/anacleta.com.ar\/es_es\/producto\/jeans-barrel-basic-smoke\/","title":{"rendered":"Jeans Barrel Basic Smoke"},"content":{"rendered":"","protected":false},"excerpt":{"rendered":"<p>El Barrel Basic Smoke es nuestra nueva obsesion! Es un jeans de tiro alto, largo cropped y su calce replica una forma curva o cil\u00edndrica. Los podr\u00e1s identificar por ser un h\u00edbrido entre jeans balloon y de estilo recto. Est\u00e1 confeccionado en un tejido 100% algod\u00f3n con un proceso de lavado artesanal que incluye desgastes y un localizado extremo Miranda est\u00e1 usando en la prenda superior un talle S, y en la prenda inferior un talle S\/26. Sus medidas son: Altura 1. 73 m. Busto 77 cm. Cintura 59cm. Cadera 85cm<\/p>\n","protected":false},"featured_media":107112,"template":"","meta":[],"product_brand":[493],"product_cat":[126,134],"product_tag":[108],"class_list":{"0":"post-107105","1":"product","2":"type-product","3":"status-publish","4":"has-post-thumbnail","6":"product_brand-kosiuko","7":"product_cat-denim","8":"product_cat-pantalones","9":"product_tag-kosiuko","11":"first","12":"instock","13":"shipping-taxable","14":"purchasable","15":"product-type-variable"},"_links":{"self":[{"href":"https:\/\/anacleta.com.ar\/es_es\/wp-json\/wp\/v2\/product\/107105","targetHints":{"allow":["GET"]}}],"collection":[{"href":"https:\/\/anacleta.com.ar\/es_es\/wp-json\/wp\/v2\/product"}],"about":[{"href":"https:\/\/anacleta.com.ar\/es_es\/wp-json\/wp\/v2\/types\/product"}],"wp:featuredmedia":[{"embeddable":true,"href":"https:\/\/anacleta.com.ar\/es_es\/wp-json\/wp\/v2\/media\/107112"}],"wp:attachment":[{"href":"https:\/\/anacleta.com.ar\/es_es\/wp-json\/wp\/v2\/media?parent=107105"}],"wp:term":[{"taxonomy":"product_brand","embeddable":true,"href":"https:\/\/anacleta.com.ar\/es_es\/wp-json\/wp\/v2\/product_brand?post=107105"},{"taxonomy":"product_cat","embeddable":true,"href":"https:\/\/anacleta.com.ar\/es_es\/wp-json\/wp\/v2\/product_cat?post=107105"},{"taxonomy":"product_tag","embeddable":true,"href":"https:\/\/anacleta.com.ar\/es_es\/wp-json\/wp\/v2\/product_tag?post=107105"}],"curies":[{"name":"wp","href":"https:\/\/api.w.org\/{rel}","templated":true}]}}