{"id":107114,"date":"2026-03-09T19:43:16","date_gmt":"2026-03-09T22:43:16","guid":{"rendered":"https:\/\/anacleta.com.ar\/?post_type=product&#038;p=107114"},"modified":"2026-04-28T10:05:48","modified_gmt":"2026-04-28T13:05:48","slug":"jeans-irony-loose-florence","status":"publish","type":"product","link":"https:\/\/anacleta.com.ar\/es_es\/producto\/jeans-irony-loose-florence\/","title":{"rendered":"Jeans Irony Loose Florence"},"content":{"rendered":"","protected":false},"excerpt":{"rendered":"<p>El Jeans Irony Loose Florence combina una silueta relajada con un aire sofisticado. De tiro medio y piernas sutilmente voluminosas con un calce holgado en la cadera y corte recto. Confeccionado en tejido 100% algod\u00f3n, su lavado artesanal aporta desgastes localizados y tonos azules profundos. In\u00e9s est\u00e1 usando en la prenda superior un talle S, y en la prenda inferior un talle S\/26. Sus medidas son: Altura 1. 75 m. Busto 75 cm. Cintura 65cm. Cadera 90cm.<\/p>\n","protected":false},"featured_media":107121,"template":"","meta":[],"product_brand":[493],"product_cat":[126,134],"product_tag":[108],"class_list":{"0":"post-107114","1":"product","2":"type-product","3":"status-publish","4":"has-post-thumbnail","6":"product_brand-kosiuko","7":"product_cat-denim","8":"product_cat-pantalones","9":"product_tag-kosiuko","11":"first","12":"instock","13":"shipping-taxable","14":"purchasable","15":"product-type-variable"},"_links":{"self":[{"href":"https:\/\/anacleta.com.ar\/es_es\/wp-json\/wp\/v2\/product\/107114","targetHints":{"allow":["GET"]}}],"collection":[{"href":"https:\/\/anacleta.com.ar\/es_es\/wp-json\/wp\/v2\/product"}],"about":[{"href":"https:\/\/anacleta.com.ar\/es_es\/wp-json\/wp\/v2\/types\/product"}],"wp:featuredmedia":[{"embeddable":true,"href":"https:\/\/anacleta.com.ar\/es_es\/wp-json\/wp\/v2\/media\/107121"}],"wp:attachment":[{"href":"https:\/\/anacleta.com.ar\/es_es\/wp-json\/wp\/v2\/media?parent=107114"}],"wp:term":[{"taxonomy":"product_brand","embeddable":true,"href":"https:\/\/anacleta.com.ar\/es_es\/wp-json\/wp\/v2\/product_brand?post=107114"},{"taxonomy":"product_cat","embeddable":true,"href":"https:\/\/anacleta.com.ar\/es_es\/wp-json\/wp\/v2\/product_cat?post=107114"},{"taxonomy":"product_tag","embeddable":true,"href":"https:\/\/anacleta.com.ar\/es_es\/wp-json\/wp\/v2\/product_tag?post=107114"}],"curies":[{"name":"wp","href":"https:\/\/api.w.org\/{rel}","templated":true}]}}