{"id":107130,"date":"2026-03-09T20:03:49","date_gmt":"2026-03-09T23:03:49","guid":{"rendered":"https:\/\/anacleta.com.ar\/?post_type=product&#038;p=107130"},"modified":"2026-04-23T10:31:04","modified_gmt":"2026-04-23T13:31:04","slug":"jeans-luxor","status":"publish","type":"product","link":"https:\/\/anacleta.com.ar\/es_es\/producto\/jeans-luxor\/","title":{"rendered":"Jeans Luxor"},"content":{"rendered":"","protected":false},"excerpt":{"rendered":"<p>El Jeans Luxor de calce slim y largo hasta el tobillo, con recortes en la pierna delantera y pinzas en la parte trasera que aportan definici\u00f3n a la silueta. Confeccionado en tejido de alta performance, intervenido con un lavado artesanal que realza un azul intenso y vibrante. Se complementa con de cuero que lleva gofrado la versi\u00f3n renovada del logo insignia. In\u00e9s est\u00e1 usando en la prenda superior un talle S, y en la prenda inferior un talle S\/26. Sus medidas son: Altura 1. 75 m. Busto 75 cm. Cintura 65cm. Cadera 90cm.<\/p>\n","protected":false},"featured_media":107138,"template":"","meta":[],"product_brand":[493],"product_cat":[126,134],"product_tag":[108],"class_list":{"0":"post-107130","1":"product","2":"type-product","3":"status-publish","4":"has-post-thumbnail","6":"product_brand-kosiuko","7":"product_cat-denim","8":"product_cat-pantalones","9":"product_tag-kosiuko","11":"first","12":"instock","13":"shipping-taxable","14":"purchasable","15":"product-type-variable"},"_links":{"self":[{"href":"https:\/\/anacleta.com.ar\/es_es\/wp-json\/wp\/v2\/product\/107130","targetHints":{"allow":["GET"]}}],"collection":[{"href":"https:\/\/anacleta.com.ar\/es_es\/wp-json\/wp\/v2\/product"}],"about":[{"href":"https:\/\/anacleta.com.ar\/es_es\/wp-json\/wp\/v2\/types\/product"}],"wp:featuredmedia":[{"embeddable":true,"href":"https:\/\/anacleta.com.ar\/es_es\/wp-json\/wp\/v2\/media\/107138"}],"wp:attachment":[{"href":"https:\/\/anacleta.com.ar\/es_es\/wp-json\/wp\/v2\/media?parent=107130"}],"wp:term":[{"taxonomy":"product_brand","embeddable":true,"href":"https:\/\/anacleta.com.ar\/es_es\/wp-json\/wp\/v2\/product_brand?post=107130"},{"taxonomy":"product_cat","embeddable":true,"href":"https:\/\/anacleta.com.ar\/es_es\/wp-json\/wp\/v2\/product_cat?post=107130"},{"taxonomy":"product_tag","embeddable":true,"href":"https:\/\/anacleta.com.ar\/es_es\/wp-json\/wp\/v2\/product_tag?post=107130"}],"curies":[{"name":"wp","href":"https:\/\/api.w.org\/{rel}","templated":true}]}}