{"id":107160,"date":"2026-03-10T10:06:52","date_gmt":"2026-03-10T13:06:52","guid":{"rendered":"https:\/\/anacleta.com.ar\/?post_type=product&#038;p=107160"},"modified":"2026-04-30T10:18:20","modified_gmt":"2026-04-30T13:18:20","slug":"jeans-funky-cool-blue","status":"publish","type":"product","link":"https:\/\/anacleta.com.ar\/es_es\/producto\/jeans-funky-cool-blue\/","title":{"rendered":"Jeans Funky Cool Blue"},"content":{"rendered":"","protected":false},"excerpt":{"rendered":"<p>GOD SAVE \u00abThe Funky Jeans\u00bb! Jean de tiro medio y bota wide leg. Confeccionado en tejido 100% algod\u00f3n. Su proceso de lavado artesanal presenta tonos mid blue intensos, profundos y equilibrados con peque\u00f1as roturas localizadas. In\u00e9s est\u00e1 usando en la prenda superior un talle S, y en la prenda inferior un talle S\/26. Sus medidas son: Altura 1. 75 m. Busto 75 cm. Cintura 65cm. Cadera 90cm.<\/p>\n","protected":false},"featured_media":107168,"template":"","meta":[],"product_brand":[493],"product_cat":[126,134],"product_tag":[108],"class_list":{"0":"post-107160","1":"product","2":"type-product","3":"status-publish","4":"has-post-thumbnail","6":"product_brand-kosiuko","7":"product_cat-denim","8":"product_cat-pantalones","9":"product_tag-kosiuko","11":"first","12":"instock","13":"shipping-taxable","14":"purchasable","15":"product-type-variable"},"_links":{"self":[{"href":"https:\/\/anacleta.com.ar\/es_es\/wp-json\/wp\/v2\/product\/107160","targetHints":{"allow":["GET"]}}],"collection":[{"href":"https:\/\/anacleta.com.ar\/es_es\/wp-json\/wp\/v2\/product"}],"about":[{"href":"https:\/\/anacleta.com.ar\/es_es\/wp-json\/wp\/v2\/types\/product"}],"wp:featuredmedia":[{"embeddable":true,"href":"https:\/\/anacleta.com.ar\/es_es\/wp-json\/wp\/v2\/media\/107168"}],"wp:attachment":[{"href":"https:\/\/anacleta.com.ar\/es_es\/wp-json\/wp\/v2\/media?parent=107160"}],"wp:term":[{"taxonomy":"product_brand","embeddable":true,"href":"https:\/\/anacleta.com.ar\/es_es\/wp-json\/wp\/v2\/product_brand?post=107160"},{"taxonomy":"product_cat","embeddable":true,"href":"https:\/\/anacleta.com.ar\/es_es\/wp-json\/wp\/v2\/product_cat?post=107160"},{"taxonomy":"product_tag","embeddable":true,"href":"https:\/\/anacleta.com.ar\/es_es\/wp-json\/wp\/v2\/product_tag?post=107160"}],"curies":[{"name":"wp","href":"https:\/\/api.w.org\/{rel}","templated":true}]}}