{"id":107170,"date":"2026-03-10T10:17:05","date_gmt":"2026-03-10T13:17:05","guid":{"rendered":"https:\/\/anacleta.com.ar\/?post_type=product&#038;p=107170"},"modified":"2026-04-02T11:19:44","modified_gmt":"2026-04-02T14:19:44","slug":"cartera-muse","status":"publish","type":"product","link":"https:\/\/anacleta.com.ar\/es_es\/producto\/cartera-muse\/","title":{"rendered":"Cartera Muse"},"content":{"rendered":"","protected":false},"excerpt":{"rendered":"<p>La cartera Muse est\u00e1 confeccionada en s\u00edmil cuero texturado. Presenta el isologo de la marca aplicado al frente y una cadena met\u00e1lica que permite llevarla al hombro o cruzada. Su interior est\u00e1 forrado y cuenta con compartimento con cierre. El acceso principal es mediante solapa con broches. Medidas: altura 18cm, ancho 27cm, profundidad 7,5cm.<\/p>\n","protected":false},"featured_media":107172,"template":"","meta":[],"product_brand":[493],"product_cat":[128],"product_tag":[108],"class_list":{"0":"post-107170","1":"product","2":"type-product","3":"status-publish","4":"has-post-thumbnail","6":"product_brand-kosiuko","7":"product_cat-accesorios","8":"product_tag-kosiuko","10":"first","11":"outofstock","12":"shipping-taxable","13":"purchasable","14":"product-type-simple"},"_links":{"self":[{"href":"https:\/\/anacleta.com.ar\/es_es\/wp-json\/wp\/v2\/product\/107170","targetHints":{"allow":["GET"]}}],"collection":[{"href":"https:\/\/anacleta.com.ar\/es_es\/wp-json\/wp\/v2\/product"}],"about":[{"href":"https:\/\/anacleta.com.ar\/es_es\/wp-json\/wp\/v2\/types\/product"}],"wp:featuredmedia":[{"embeddable":true,"href":"https:\/\/anacleta.com.ar\/es_es\/wp-json\/wp\/v2\/media\/107172"}],"wp:attachment":[{"href":"https:\/\/anacleta.com.ar\/es_es\/wp-json\/wp\/v2\/media?parent=107170"}],"wp:term":[{"taxonomy":"product_brand","embeddable":true,"href":"https:\/\/anacleta.com.ar\/es_es\/wp-json\/wp\/v2\/product_brand?post=107170"},{"taxonomy":"product_cat","embeddable":true,"href":"https:\/\/anacleta.com.ar\/es_es\/wp-json\/wp\/v2\/product_cat?post=107170"},{"taxonomy":"product_tag","embeddable":true,"href":"https:\/\/anacleta.com.ar\/es_es\/wp-json\/wp\/v2\/product_tag?post=107170"}],"curies":[{"name":"wp","href":"https:\/\/api.w.org\/{rel}","templated":true}]}}