{"id":107180,"date":"2026-03-10T11:49:37","date_gmt":"2026-03-10T14:49:37","guid":{"rendered":"https:\/\/anacleta.com.ar\/?post_type=product&#038;p=107180"},"modified":"2026-03-10T11:49:37","modified_gmt":"2026-03-10T14:49:37","slug":"cartera-saint-2","status":"publish","type":"product","link":"https:\/\/anacleta.com.ar\/es_es\/producto\/cartera-saint-2\/","title":{"rendered":"Cartera Saint"},"content":{"rendered":"","protected":false},"excerpt":{"rendered":"<p>La cartera Saint est\u00e1 confeccionada en s\u00edmil cuero con textura tipo reptil. Presenta un dise\u00f1o estructurado con tachas aplicadas a los laterales y un peque\u00f1o monedero desmontable con cadena met\u00e1lica. Posee una cadena como manija que permite llevarla al hombro. Su interior est\u00e1 completamente forrado y cuenta con compartimento con cierre. En el dorso incluye un bolsillo externo con cierre. Medidas: altura 17cm, ancho 8cm, largo 27cm.<\/p>\n","protected":false},"featured_media":107182,"template":"","meta":[],"product_brand":[493],"product_cat":[128],"product_tag":[108],"class_list":{"0":"post-107180","1":"product","2":"type-product","3":"status-publish","4":"has-post-thumbnail","6":"product_brand-kosiuko","7":"product_cat-accesorios","8":"product_tag-kosiuko","10":"first","11":"instock","12":"shipping-taxable","13":"purchasable","14":"product-type-simple"},"_links":{"self":[{"href":"https:\/\/anacleta.com.ar\/es_es\/wp-json\/wp\/v2\/product\/107180","targetHints":{"allow":["GET"]}}],"collection":[{"href":"https:\/\/anacleta.com.ar\/es_es\/wp-json\/wp\/v2\/product"}],"about":[{"href":"https:\/\/anacleta.com.ar\/es_es\/wp-json\/wp\/v2\/types\/product"}],"wp:featuredmedia":[{"embeddable":true,"href":"https:\/\/anacleta.com.ar\/es_es\/wp-json\/wp\/v2\/media\/107182"}],"wp:attachment":[{"href":"https:\/\/anacleta.com.ar\/es_es\/wp-json\/wp\/v2\/media?parent=107180"}],"wp:term":[{"taxonomy":"product_brand","embeddable":true,"href":"https:\/\/anacleta.com.ar\/es_es\/wp-json\/wp\/v2\/product_brand?post=107180"},{"taxonomy":"product_cat","embeddable":true,"href":"https:\/\/anacleta.com.ar\/es_es\/wp-json\/wp\/v2\/product_cat?post=107180"},{"taxonomy":"product_tag","embeddable":true,"href":"https:\/\/anacleta.com.ar\/es_es\/wp-json\/wp\/v2\/product_tag?post=107180"}],"curies":[{"name":"wp","href":"https:\/\/api.w.org\/{rel}","templated":true}]}}