{"id":107185,"date":"2026-03-10T11:52:23","date_gmt":"2026-03-10T14:52:23","guid":{"rendered":"https:\/\/anacleta.com.ar\/?post_type=product&#038;p=107185"},"modified":"2026-03-19T10:24:40","modified_gmt":"2026-03-19T13:24:40","slug":"cartera-sin","status":"publish","type":"product","link":"https:\/\/anacleta.com.ar\/es_es\/producto\/cartera-sin\/","title":{"rendered":"Cartera Sin"},"content":{"rendered":"","protected":false},"excerpt":{"rendered":"<p>La cartera Sin est\u00e1 confeccionada en s\u00edmil cuero con textura animal print. Presenta el isologo de la marca aplicado al frente y una cadena met\u00e1lica que permite llevarla al hombro o cruzada. Su interior est\u00e1 forrado y cuenta con compartimento con cierre. El acceso principal es mediante solapa con broches. Medidas: altura 11cm, ancho 21cm, profundidad 6cm.<\/p>\n","protected":false},"featured_media":107187,"template":"","meta":[],"product_brand":[493],"product_cat":[128],"product_tag":[108],"class_list":{"0":"post-107185","1":"product","2":"type-product","3":"status-publish","4":"has-post-thumbnail","6":"product_brand-kosiuko","7":"product_cat-accesorios","8":"product_tag-kosiuko","10":"first","11":"outofstock","12":"shipping-taxable","13":"purchasable","14":"product-type-simple"},"_links":{"self":[{"href":"https:\/\/anacleta.com.ar\/es_es\/wp-json\/wp\/v2\/product\/107185","targetHints":{"allow":["GET"]}}],"collection":[{"href":"https:\/\/anacleta.com.ar\/es_es\/wp-json\/wp\/v2\/product"}],"about":[{"href":"https:\/\/anacleta.com.ar\/es_es\/wp-json\/wp\/v2\/types\/product"}],"wp:featuredmedia":[{"embeddable":true,"href":"https:\/\/anacleta.com.ar\/es_es\/wp-json\/wp\/v2\/media\/107187"}],"wp:attachment":[{"href":"https:\/\/anacleta.com.ar\/es_es\/wp-json\/wp\/v2\/media?parent=107185"}],"wp:term":[{"taxonomy":"product_brand","embeddable":true,"href":"https:\/\/anacleta.com.ar\/es_es\/wp-json\/wp\/v2\/product_brand?post=107185"},{"taxonomy":"product_cat","embeddable":true,"href":"https:\/\/anacleta.com.ar\/es_es\/wp-json\/wp\/v2\/product_cat?post=107185"},{"taxonomy":"product_tag","embeddable":true,"href":"https:\/\/anacleta.com.ar\/es_es\/wp-json\/wp\/v2\/product_tag?post=107185"}],"curies":[{"name":"wp","href":"https:\/\/api.w.org\/{rel}","templated":true}]}}